{"id":13,"date":"2018-09-10T12:48:22","date_gmt":"2018-09-10T12:48:22","guid":{"rendered":"http:\/\/law-firm.bold-themes.com\/master-import\/?page_id=13"},"modified":"2024-05-01T13:53:22","modified_gmt":"2024-05-01T13:53:22","slug":"contact","status":"publish","type":"page","link":"https:\/\/palabras-languageschool.com\/de\/kontakt\/","title":{"rendered":"Kontakt - Jetzt buchen!"},"content":{"rendered":"<section id=\"bt_bb_section69f4790c3e9b9\"  class=\"bt_bb_section bt_bb_color_scheme_1 bt_bb_layout_boxed_1200 bt_bb_vertical_align_top bt_bb_top_spacing_large bt_bb_bottom_spacing_large bt_bb_section_with_bottom_coverage_image\" style=\"; --section-primary-color:#ffffff; --section-secondary-color:#191919;;background-color:#222b54;\" data-bt-override-class=\"null\"><div class=\"bt_bb_port\"><div class=\"bt_bb_cell\"><div class=\"bt_bb_cell_inner\"><div class=\"bt_bb_row_wrapper\"><div  class=\"bt_bb_row bt_bb_column_gap_25 bt_bb_shape_inherit\"  data-bt-override-class=\"{}\"><div  class=\"bt_bb_column col-xxl-6 col-xl-6 col-xs-12 col-sm-6 col-md-6 col-lg-6 bt_bb_vertical_align_top bt_bb_align_left bt_bb_padding_normal bt_bb_animation_fade_in bt_bb_animation_move_right animate bt_bb_shape_inherit\"  data-width=\"6\" data-bt-override-class=\"{}\"><div class=\"bt_bb_column_content\"><div class=\"bt_bb_column_content_inner\"><div class=\"bt_bb_separator bt_bb_border_style_none bt_bb_bottom_spacing_medium\" data-bt-override-class=\"null\"><\/div><header data-bb-version=\"4.9.1\" class=\"bt_bb_headline bt_bb_subheadline_text_transform_default bt_bb_dash_none bt_bb_superheadline bt_bb_subheadline bt_bb_size_extralarge bt_bb_align_inherit\" data-bt-override-class=\"{&quot;bt_bb_size_&quot;:{&quot;current_class&quot;:&quot;bt_bb_size_extralarge&quot;,&quot;xxl&quot;:&quot;extralarge&quot;},&quot;bt_bb_align_&quot;:{&quot;current_class&quot;:&quot;bt_bb_align_inherit&quot;,&quot;xxl&quot;:&quot;inherit&quot;}}\"><h2 class=\"bt_bb_headline_tag\"><span class=\"bt_bb_headline_superheadline\">SPANISCHKURS GRAN CANARIA<\/span><span class=\"bt_bb_headline_content\"><span>Lerne jetzt Spanisch in Las Palmas<\/span><\/span><\/h2><div class=\"bt_bb_headline_subheadline\">Gib einfach deinen Namen und deine E-Mail-Adresse an und teile uns mit, welchen Kurs du f\u00fcr wie viele Wochen buchen m\u00f6chtest. Lass uns auch wissen, ob du eine Unterkunft ben\u00f6tigst<br \/>\r\nWir melden uns umgehend bei dir - zur Best\u00e4tigung und Bezahlung.<br \/>\r\nHasta pronto! <\/div><\/header><\/div><\/div><\/div><div data-bb-version=\"4.9.1\"  class=\"bt_bb_column col-xxl-6 col-xl-6 col-xs-12 col-sm-6 col-md-6 col-lg-6 bt_bb_inner_color_scheme_5 bt_bb_vertical_align_middle bt_bb_align_left bt_bb_padding_25 bt_bb_shadow_inner-shadow bt_bb_shape_soft-rounded\" style=\"; --column-inner-primary-color:#191919; --column-inner-secondary-color:#b61984;\" data-width=\"6\" data-bt-override-class=\"{&quot;bt_bb_align_&quot;:{&quot;current_class&quot;:&quot;bt_bb_align_left&quot;,&quot;xxl&quot;:&quot;left&quot;},&quot;bt_bb_padding_&quot;:{&quot;current_class&quot;:&quot;bt_bb_padding_25&quot;,&quot;xxl&quot;:&quot;25&quot;}}\"><div class=\"bt_bb_column_content bt_bb_inner_color_scheme_5\" style=\"background-color:rgba(255, 255, 255, 1);\"><div class=\"bt_bb_column_content_inner\"><div class=\"bt_bb_separator bt_bb_border_style_none bt_bb_bottom_spacing_40\" data-bt-override-class=\"null\"><\/div><header data-bb-version=\"4.9.1\" class=\"bt_bb_headline bt_bb_subheadline_text_transform_default bt_bb_color_scheme_5 bt_bb_dash_none bt_bb_size_normal bt_bb_align_inherit bt_bb_dash_color_scheme_5\" style=\"; --primary-color:#191919; --secondary-color:#b61984;\" data-bt-override-class=\"{&quot;bt_bb_size_&quot;:{&quot;current_class&quot;:&quot;bt_bb_size_normal&quot;,&quot;xxl&quot;:&quot;normal&quot;},&quot;bt_bb_align_&quot;:{&quot;current_class&quot;:&quot;bt_bb_align_inherit&quot;,&quot;xxl&quot;:&quot;inherit&quot;}}\"><h4 class=\"bt_bb_headline_tag\"><span class=\"bt_bb_headline_content\"><span>Jetzt buchen<\/span><\/span><\/h4><\/header><div class=\"bt_bb_separator bt_bb_border_style_none bt_bb_bottom_spacing_50\" data-bt-override-class=\"null\"><\/div><div class=\"bt_bb_contact_form_7\">\n<div class=\"wpcf7 no-js\" id=\"wpcf7-f2039-o1\" lang=\"en-US\" dir=\"ltr\">\n<div class=\"screen-reader-response\"><p role=\"status\" aria-live=\"polite\" aria-atomic=\"true\"><\/p> <ul><\/ul><\/div>\n<form action=\"\/de\/wp-json\/wp\/v2\/pages\/13#wpcf7-f2039-o1\" method=\"post\" class=\"wpcf7-form init\" aria-label=\"Kontakt-Formular\" novalidate=\"novalidate\" data-status=\"init\" data-trp-original-action=\"\/de\/wp-json\/wp\/v2\/pages\/13#wpcf7-f2039-o1\">\n<div style=\"display: none;\">\n<input type=\"hidden\" name=\"_wpcf7\" value=\"2039\" \/>\n<input type=\"hidden\" name=\"_wpcf7_version\" value=\"5.9.3\" \/>\n<input type=\"hidden\" name=\"_wpcf7_locale\" value=\"en_US\" \/>\n<input type=\"hidden\" name=\"_wpcf7_unit_tag\" value=\"wpcf7-f2039-o1\" \/>\n<input type=\"hidden\" name=\"_wpcf7_container_post\" value=\"0\" \/>\n<input type=\"hidden\" name=\"_wpcf7_posted_data_hash\" value=\"\" \/>\n<\/div>\n<div class=\"btContact\">\n\t<div class=\"btContactRow\">\n\t\t<div class=\"btContactName\">\n\t\t\t<p><span class=\"icon icon_name\"><\/span><span class=\"wpcf7-form-control-wrap\" data-name=\"your-name\"><input size=\"40\" class=\"wpcf7-form-control wpcf7-text wpcf7-validates-as-required\" aria-required=\"true\" aria-invalid=\"false\" placeholder=\"Name\" value=\"\" type=\"text\" name=\"your-name\" \/><\/span>\n\t\t\t<\/p>\n\t\t<\/div>\n\t\t<div class=\"btContactEmail\">\n\t\t\t<p><span class=\"icon icon_email\"><\/span><span class=\"wpcf7-form-control-wrap\" data-name=\"your-email\"><input size=\"40\" class=\"wpcf7-form-control wpcf7-email wpcf7-validates-as-required wpcf7-text wpcf7-validates-as-email\" aria-required=\"true\" aria-invalid=\"false\" placeholder=\"E-Mail\" value=\"\" type=\"email\" name=\"your-email\" \/><\/span>\n\t\t\t<\/p>\n\t\t<\/div>\n\t<\/div>\n\t<div class=\"btContactRow\">\n\t\t<div class=\"btContactList\">\n\t\t\t<p><span class=\"icon icon_course\"><\/span><span class=\"wpcf7-form-control-wrap\" data-name=\"course-list\"><select class=\"wpcf7-form-control wpcf7-select wpcf7-validates-as-required\" aria-required=\"true\" aria-invalid=\"false\" name=\"course-list\"><option value=\"Intensive 20\">Intensiv 20<\/option><option value=\"Super-Intensive 30\">Super-Intensiv 30<\/option><option value=\"Intensive 20 + Surf\">Intensiv 20 + Surfen<\/option><option value=\"Digital Nomad Course\">Kurs \"Digitaler Nomade<\/option><option value=\"Individual Class\">Einzelne Klasse<\/option><option value=\"Long-Term\">Langfristig<\/option><\/select><\/span>\n\t\t\t<\/p>\n\t\t<\/div>\n\t<\/div>\n\t<div class=\"btContactRow\">\n\t\t<div class=\"btContactMessage\">\n\t\t\t<p><span class=\"icon icon_message\"><\/span><span class=\"wpcf7-form-control-wrap\" data-name=\"your-message\"><textarea cols=\"40\" rows=\"10\" class=\"wpcf7-form-control wpcf7-textarea\" aria-invalid=\"false\" placeholder=\"Lass uns wissen, welchen Kurs und wie viele Wochen du buchen m\u00f6chtest!\" name=\"your-message\"><\/textarea><\/span>\n\t\t\t<\/p>\n\t\t<\/div>\n\t<\/div>\n\t<div class=\"btContactButton\">\n\t\t<p><input class=\"wpcf7-form-control wpcf7-submit has-spinner\" type=\"submit\" value=\"SENDEN\" \/>\n\t\t<\/p>\n\t<\/div>\n<\/div><div class=\"wpcf7-response-output\" aria-hidden=\"true\"><\/div>\n<input type=\"hidden\" name=\"trp-form-language\" value=\"de\"\/><\/form>\n<\/div>\n<\/div><div class=\"bt_bb_separator bt_bb_border_style_none bt_bb_bottom_spacing_40\" data-bt-override-class=\"null\"><\/div><\/div><\/div><\/div><\/div><\/div><\/div><\/div><\/div><div class=\"bt_bb_section_bottom_section_coverage_image\"><img decoding=\"async\" src=\"https:\/\/palabras-languageschool.com\/wp-content\/uploads\/2019\/04\/Wave_White_bottom_left_shape_04.png\" alt=\"bt_bb_section_bottom_section_coverage_image\" \/><\/div><\/section><section id=\"bt_bb_section69f4790c4aee3\"  class=\"bt_bb_section bt_bb_layout_boxed_1200 bt_bb_vertical_align_top bt_bb_top_spacing_medium bt_bb_bottom_spacing_large\"  data-bt-override-class=\"null\"><div class=\"bt_bb_port\"><div class=\"bt_bb_cell\"><div class=\"bt_bb_cell_inner\"><div class=\"bt_bb_row_wrapper\"><div  class=\"bt_bb_row\"  data-bt-override-class=\"{}\"><div  class=\"bt_bb_column col-xxl-3 col-xl-3 bt_bb_vertical_align_top bt_bb_align_left bt_bb_padding_normal bt_bb_animation_fade_in bt_bb_animation_move_up animate bt_bb_shape_inherit\"  data-width=\"3\" data-bt-override-class=\"{}\"><div class=\"bt_bb_column_content\"><div class=\"bt_bb_column_content_inner\"><div class=\"bt_bb_service bt_bb_color_scheme_3 bt_bb_style_borderless bt_bb_shape_circle bt_bb_size_xsmall bt_bb_shape_circle bt_bb_align_left\" style=\"; --service-primary-color:#b61984; --service-secondary-color:#191919;\" data-bt-override-class=\"null\"><a href=\"#\" target=\"_self\"  title=\"_self\"  data-ico-dripicons=\"&#xe970;\" class=\"bt_bb_icon_holder\"><\/a><div class=\"bt_bb_service_content\"><div class=\"bt_bb_service_content_title\"><a href=\"#\" target=\"_self\">ADRESSE<\/a><\/div><div class=\"bt_bb_service_content_text\">Arbeit in Cholas<br \/>\r\nCalle Antonio Mar\u00eda Manrique 3<br \/>\r\n35011 Las Palmas de Gran Canaria<\/div><\/div><\/div><div class=\"bt_bb_separator bt_bb_border_style_none bt_bb_bottom_spacing_medium\" data-bt-override-class=\"null\"><\/div><\/div><\/div><\/div><div  class=\"bt_bb_column col-xxl-3 col-xl-3 bt_bb_vertical_align_top bt_bb_align_left bt_bb_padding_normal bt_bb_animation_fade_in bt_bb_animation_move_up animate bt_bb_shape_inherit\"  data-width=\"3\" data-bt-override-class=\"{}\"><div class=\"bt_bb_column_content\"><div class=\"bt_bb_column_content_inner\"><div class=\"bt_bb_service bt_bb_color_scheme_3 bt_bb_style_borderless bt_bb_shape_circle bt_bb_size_xsmall bt_bb_shape_circle bt_bb_align_left\" style=\"; --service-primary-color:#b61984; --service-secondary-color:#191919;\" data-bt-override-class=\"null\"><a href=\"#\" target=\"_self\"  title=\"_self\"  data-ico-dripicons=\"&#xe900;\" class=\"bt_bb_icon_holder\"><\/a><div class=\"bt_bb_service_content\"><div class=\"bt_bb_service_content_title\"><a href=\"#\" target=\"_self\">\u00d6FFNUNGSZEITEN<\/a><\/div><div class=\"bt_bb_service_content_text\">Mo-Fr: 09:00 - 18:00<br \/>\r\n<\/div><\/div><\/div><div class=\"bt_bb_separator bt_bb_border_style_none bt_bb_bottom_spacing_medium\" data-bt-override-class=\"null\"><\/div><\/div><\/div><\/div><div  class=\"bt_bb_column col-xxl-3 col-xl-3 bt_bb_vertical_align_top bt_bb_align_left bt_bb_padding_normal bt_bb_animation_fade_in bt_bb_animation_move_up animate bt_bb_shape_inherit\"  data-width=\"3\" data-bt-override-class=\"{}\"><div class=\"bt_bb_column_content\"><div class=\"bt_bb_column_content_inner\"><div data-bb-version=\"4.8.0\" class=\"bt_bb_service bt_bb_color_scheme_3 bt_bb_style_borderless bt_bb_shape_circle bt_bb_size_xsmall bt_bb_shape_circle bt_bb_align_left\" style=\"; --service-primary-color:#b61984; --service-secondary-color:#191919;\" data-bt-override-class=\"{&quot;bt_bb_size_&quot;:{&quot;current_class&quot;:&quot;bt_bb_size_xsmall&quot;,&quot;xxl&quot;:&quot;xsmall&quot;},&quot;bt_bb_align_&quot;:{&quot;current_class&quot;:&quot;bt_bb_align_left&quot;,&quot;xxl&quot;:&quot;left&quot;}}\"><a href=\"#\" target=\"_self\"  title=\"_self\"  data-ico-dripicons=\"&#xe98e;\" class=\"bt_bb_icon_holder\"><\/a><div class=\"bt_bb_service_content\"><div class=\"bt_bb_service_content_title\"><a href=\"#\" target=\"_self\">WHATSAPP<\/a><\/div><div class=\"bt_bb_service_content_text\">+34 672 279 001<\/div><\/div><\/div><div class=\"bt_bb_separator bt_bb_border_style_none bt_bb_bottom_spacing_medium\" data-bt-override-class=\"null\"><\/div><\/div><\/div><\/div><div  class=\"bt_bb_column col-xxl-3 col-xl-3 bt_bb_vertical_align_top bt_bb_align_left bt_bb_padding_normal bt_bb_animation_fade_in bt_bb_animation_move_up animate bt_bb_shape_inherit\"  data-width=\"3\" data-bt-override-class=\"{}\"><div class=\"bt_bb_column_content\"><div class=\"bt_bb_column_content_inner\"><div class=\"bt_bb_service bt_bb_color_scheme_3 bt_bb_style_borderless bt_bb_shape_circle bt_bb_size_xsmall bt_bb_shape_circle bt_bb_align_left\" style=\"; --service-primary-color:#b61984; --service-secondary-color:#191919;\" data-bt-override-class=\"null\"><a href=\"#\" target=\"_self\"  title=\"_self\"  data-ico-dripicons=\"&#xe947;\" class=\"bt_bb_icon_holder\"><\/a><div class=\"bt_bb_service_content\"><div class=\"bt_bb_service_content_title\"><a href=\"#\" target=\"_self\">MAIL<\/a><\/div><div class=\"bt_bb_service_content_text\">hola@palabras-languageschool.com<\/div><\/div><\/div><div class=\"bt_bb_separator bt_bb_border_style_none bt_bb_bottom_spacing_medium\" data-bt-override-class=\"null\"><\/div><\/div><\/div><\/div><\/div><\/div><\/div><\/div><\/div><\/section><section data-bb-version=\"4.9.1\" id=\"bt_bb_section69f4790c4b5f2\"  class=\"bt_bb_section bt_bb_layout_boxed_1200 bt_bb_vertical_align_top bt_bb_top_spacing_none bt_bb_bottom_spacing_medium\"  data-bt-override-class=\"{&quot;bt_bb_top_spacing_&quot;:{&quot;current_class&quot;:&quot;bt_bb_top_spacing_none&quot;,&quot;xxl&quot;:&quot;none&quot;},&quot;bt_bb_bottom_spacing_&quot;:{&quot;current_class&quot;:&quot;bt_bb_bottom_spacing_medium&quot;,&quot;xxl&quot;:&quot;medium&quot;}}\"><div class=\"bt_bb_port\"><div class=\"bt_bb_cell\"><div class=\"bt_bb_cell_inner\"><div class=\"bt_bb_row_wrapper\"><div  class=\"bt_bb_row bt_bb_negative_margin_large bt_bb_shape_inherit\"  data-bt-override-class=\"{}\"><div  class=\"bt_bb_column col-xxl-12 col-xl-12 bt_bb_vertical_align_top bt_bb_align_left bt_bb_padding_normal bt_bb_shape_soft-rounded\"  data-width=\"12\" data-bt-override-class=\"{}\"><div class=\"bt_bb_column_content\"><div class=\"bt_bb_column_content_inner\"><div data-bb-version=\"4.7.6\" class=\"bt_bb_google_maps bt_bb_map bt_bb_map_type_interactive\" data-center=\"no\"><div class=\"bt_bb_google_maps_map bt_bb_map_map\" id=\"map_canvas69f4790c4b7b5\" data-height=\"500\" data-api-key=\"AIzaSyBi5gbQg9NfUmtd6vDHljkiovI_QsADdk0\" data-map-type=\"interactive\" data-zoom=\"15\" data-init-finished=\"false\" data-custom-style=\"WwogICAgewogICAgICAgICJmZWF0dXJlVHlwZSI6ICJsYW5kc2NhcGUubWFuX21hZGUiLAogICAgICAgICJlbGVtZW50VHlwZSI6ICJnZW9tZXRyeSIsCiAgICAgICAgInN0eWxlcnMiOiBbCiAgICAgICAgICAgIHsKICAgICAgICAgICAgICAgICJodWUiOiAiI2ZmMDAwMCIKICAgICAgICAgICAgfQogICAgICAgIF0KICAgIH0sCiAgICB7CiAgICAgICAgImZlYXR1cmVUeXBlIjogImxhbmRzY2FwZS5tYW5fbWFkZSIsCiAgICAgICAgImVsZW1lbnRUeXBlIjogImdlb21ldHJ5LmZpbGwiLAogICAgICAgICJzdHlsZXJzIjogWwogICAgICAgICAgICB7CiAgICAgICAgICAgICAgICAiaHVlIjogIiNmZjMyMDAiCiAgICAgICAgICAgIH0sCiAgICAgICAgICAgIHsKICAgICAgICAgICAgICAgICJ2aXNpYmlsaXR5IjogIm9uIgogICAgICAgICAgICB9CiAgICAgICAgXQogICAgfQpd\" style=\"height:500px\"><\/div><div data-bb-version=\"4.7.6\" class=\"bt_bb_google_maps_location bt_bb_map_location bt_bb_google_maps_location_without_content bt_bb_map_location_without_content\" data-lat=\"28.1256514\" data-lng=\"-15.4372729\" data-icon=\"https:\/\/palabras-languageschool.com\/wp-content\/uploads\/2019\/03\/pin_pink.png\"><\/div><\/div><\/div><\/div><\/div><\/div><\/div><\/div><\/div><\/div><\/section><section id=\"bt_bb_section69f4790c4c9a1\"  class=\"bt_bb_section bt_bb_layout_boxed_1200 bt_bb_vertical_align_top bt_bb_top_spacing_large bt_bb_section_with_bottom_coverage_image\"  data-bt-override-class=\"null\"><div class=\"bt_bb_port\"><div class=\"bt_bb_cell\"><div class=\"bt_bb_cell_inner\"><div class=\"bt_bb_row_wrapper\"><div  class=\"bt_bb_row\"  data-bt-override-class=\"{}\"><div  class=\"bt_bb_column col-xxl-12 col-xl-12 bt_bb_vertical_align_top bt_bb_align_left bt_bb_padding_normal\"  data-width=\"12\" data-bt-override-class=\"{}\"><div class=\"bt_bb_column_content\"><div class=\"bt_bb_column_content_inner\"><div data-bb-version=\"4.9.1\" class=\"bt_bb_slider bt_bb_height_auto bt_bb_multiple_slides bt_bb_multiple_slides bt_bb_animation_slide animate bt_bb_shape_soft-rounded\"><div class=\"slick-slider\"  data-slick='{ \"lazyLoad\": \"progressive\", \"cssEase\": \"ease-out\", \"speed\": \"300\", \"adaptiveHeight\": true, \"prevArrow\": \"&lt;button type=\\\"button\\\" class=\\\"slick-prev\\\" aria-label=\\\"Previous\\\" tabindex=\\\"0\\\" role=\\\"button\\\"&gt;&lt;\/button&gt;\", \"nextArrow\": \"&lt;button type=\\\"button\\\" class=\\\"slick-next\\\" aria-label=\\\"Next\\\" tabindex=\\\"0\\\" role=\\\"button\\\"&gt;&lt;\/button&gt;\",\"slidesToShow\": 4, \"autoplay\": true, \"autoplaySpeed\": 3000,\"slidesToShow\": 4, \"responsive\": [{ \"breakpoint\": 480, \"settings\": { \"slidesToShow\": 1, \"slidesToScroll\": 1 } },{ \"breakpoint\": 768, \"settings\": { \"slidesToShow\": 2, \"slidesToScroll\": 2 } },{ \"breakpoint\": 992, \"settings\": { \"slidesToShow\": 3, \"slidesToScroll\": 3 } },{ \"breakpoint\": 1200, \"settings\": { \"slidesToShow\": 4, \"slidesToScroll\": 4 } },{ \"breakpoint\": 1400, \"settings\": { \"slidesToShow\": 4, \"slidesToScroll\": 4 } }]}' ><div class=\"bt_bb_slider_item\" data-src-full=\"https:\/\/palabras-languageschool.com\/wp-content\/uploads\/2024\/04\/Spanish_Talk.jpg\"><img decoding=\"async\" src=\"https:\/\/palabras-languageschool.com\/wp-content\/uploads\/2024\/04\/Spanish_Talk-768x512.jpg\" alt=\"Spanisch_sprechen\"  title=\"Spanisch_sprechen\"><\/div><div class=\"bt_bb_slider_item\" data-src-full=\"https:\/\/palabras-languageschool.com\/wp-content\/uploads\/2024\/04\/Spanish_Food.jpg\"><img decoding=\"async\" src=\"https:\/\/palabras-languageschool.com\/wp-content\/uploads\/2024\/04\/Spanish_Food-768x512.jpg\" alt=\"Spanisch_Lebensmittel\"  title=\"Spanisch_Lebensmittel\"><\/div><div class=\"bt_bb_slider_item\" data-src-full=\"https:\/\/palabras-languageschool.com\/wp-content\/uploads\/2024\/04\/Spanish_Class.jpg\"><img decoding=\"async\" src=\"https:\/\/palabras-languageschool.com\/wp-content\/uploads\/2024\/04\/Spanish_Class-768x512.jpg\" alt=\"Spanisch_Klasse\"  title=\"Spanisch_Klasse\"><\/div><div class=\"bt_bb_slider_item\" data-src-full=\"https:\/\/palabras-languageschool.com\/wp-content\/uploads\/2024\/04\/Spanish_Class_2.jpg\"><img decoding=\"async\" src=\"https:\/\/palabras-languageschool.com\/wp-content\/uploads\/2024\/04\/Spanish_Class_2-768x512.jpg\" alt=\"Spanisch_Klasse_2\"  title=\"Spanisch_Klasse_2\"><\/div><\/div><\/div><\/div><\/div><\/div><\/div><\/div><\/div><\/div><\/div><div class=\"bt_bb_section_bottom_section_coverage_image\"><img decoding=\"async\" src=\"https:\/\/palabras-languageschool.com\/wp-content\/uploads\/2019\/04\/accent_bottom_wave_01.png\" alt=\"bt_bb_section_bottom_section_coverage_image\" \/><\/div><\/section>","protected":false},"excerpt":{"rendered":"","protected":false},"author":2,"featured_media":0,"parent":0,"menu_order":5,"comment_status":"closed","ping_status":"closed","template":"","meta":{"_monsterinsights_skip_tracking":false,"_monsterinsights_sitenote_active":false,"_monsterinsights_sitenote_note":"","_monsterinsights_sitenote_category":0,"footnotes":""},"class_list":["post-13","page","type-page","status-publish","hentry"],"yoast_head":"<!-- This site is optimized with the Yoast SEO plugin v22.6 - https:\/\/yoast.com\/wordpress\/plugins\/seo\/ -->\n<title>Contact - Book now! - Palabras Language School<\/title>\n<meta name=\"robots\" content=\"index, follow, max-snippet:-1, max-image-preview:large, max-video-preview:-1\" \/>\n<link rel=\"canonical\" href=\"https:\/\/palabras-languageschool.com\/de\/kontakt\/\" \/>\n<meta property=\"og:locale\" content=\"de_DE\" \/>\n<meta property=\"og:type\" content=\"article\" \/>\n<meta property=\"og:title\" content=\"Contact - Book now! - Palabras Language School\" \/>\n<meta property=\"og:url\" content=\"https:\/\/palabras-languageschool.com\/de\/kontakt\/\" \/>\n<meta property=\"og:site_name\" content=\"Palabras Language School\" \/>\n<meta property=\"article:publisher\" content=\"https:\/\/www.facebook.com\/people\/Palabras-Languageschool\/\" \/>\n<meta property=\"article:modified_time\" content=\"2024-05-01T13:53:22+00:00\" \/>\n<meta name=\"twitter:card\" content=\"summary_large_image\" \/>\n<meta name=\"twitter:label1\" content=\"Gesch\u00e4tzte Lesezeit\" \/>\n\t<meta name=\"twitter:data1\" content=\"8\u00a0Minuten\" \/>\n<script type=\"application\/ld+json\" class=\"yoast-schema-graph\">{\"@context\":\"https:\/\/schema.org\",\"@graph\":[{\"@type\":\"WebPage\",\"@id\":\"https:\/\/palabras-languageschool.com\/contact\/\",\"url\":\"https:\/\/palabras-languageschool.com\/contact\/\",\"name\":\"Contact - Book now! - Palabras Language School\",\"isPartOf\":{\"@id\":\"https:\/\/palabras-languageschool.com\/#website\"},\"datePublished\":\"2018-09-10T12:48:22+00:00\",\"dateModified\":\"2024-05-01T13:53:22+00:00\",\"breadcrumb\":{\"@id\":\"https:\/\/palabras-languageschool.com\/contact\/#breadcrumb\"},\"inLanguage\":\"de\",\"potentialAction\":[{\"@type\":\"ReadAction\",\"target\":[\"https:\/\/palabras-languageschool.com\/contact\/\"]}]},{\"@type\":\"BreadcrumbList\",\"@id\":\"https:\/\/palabras-languageschool.com\/contact\/#breadcrumb\",\"itemListElement\":[{\"@type\":\"ListItem\",\"position\":1,\"name\":\"Home\",\"item\":\"https:\/\/palabras-languageschool.com\/\"},{\"@type\":\"ListItem\",\"position\":2,\"name\":\"Contact &#8211; Book now!\"}]},{\"@type\":\"WebSite\",\"@id\":\"https:\/\/palabras-languageschool.com\/#website\",\"url\":\"https:\/\/palabras-languageschool.com\/\",\"name\":\"Palabras Language School\",\"description\":\"\",\"publisher\":{\"@id\":\"https:\/\/palabras-languageschool.com\/#organization\"},\"alternateName\":\"Learn Spanish in Las Palmas\",\"potentialAction\":[{\"@type\":\"SearchAction\",\"target\":{\"@type\":\"EntryPoint\",\"urlTemplate\":\"https:\/\/palabras-languageschool.com\/?s={search_term_string}\"},\"query-input\":\"required name=search_term_string\"}],\"inLanguage\":\"de\"},{\"@type\":\"Organization\",\"@id\":\"https:\/\/palabras-languageschool.com\/#organization\",\"name\":\"Learn Spanish in Las Palmas de Gran Canaria\",\"alternateName\":\"Spanish School Gran Canaria\",\"url\":\"https:\/\/palabras-languageschool.com\/\",\"logo\":{\"@type\":\"ImageObject\",\"inLanguage\":\"de\",\"@id\":\"https:\/\/palabras-languageschool.com\/#\/schema\/logo\/image\/\",\"url\":\"https:\/\/palabras-languageschool.com\/wp-content\/uploads\/2024\/05\/Untitled-design1.png\",\"contentUrl\":\"https:\/\/palabras-languageschool.com\/wp-content\/uploads\/2024\/05\/Untitled-design1.png\",\"width\":1200,\"height\":628,\"caption\":\"Learn Spanish in Las Palmas de Gran Canaria\"},\"image\":{\"@id\":\"https:\/\/palabras-languageschool.com\/#\/schema\/logo\/image\/\"},\"sameAs\":[\"https:\/\/www.facebook.com\/people\/Palabras-Languageschool\/\",\"https:\/\/www.instagram.com\/palabras.languageschool\/\"]}]}<\/script>\n<!-- \/ Yoast SEO plugin. -->","yoast_head_json":{"title":"Contact - Book now! - Palabras Language School","robots":{"index":"index","follow":"follow","max-snippet":"max-snippet:-1","max-image-preview":"max-image-preview:large","max-video-preview":"max-video-preview:-1"},"canonical":"https:\/\/palabras-languageschool.com\/de\/kontakt\/","og_locale":"de_DE","og_type":"article","og_title":"Contact - Book now! - Palabras Language School","og_url":"https:\/\/palabras-languageschool.com\/de\/kontakt\/","og_site_name":"Palabras Language School","article_publisher":"https:\/\/www.facebook.com\/people\/Palabras-Languageschool\/","article_modified_time":"2024-05-01T13:53:22+00:00","twitter_card":"summary_large_image","twitter_misc":{"Gesch\u00e4tzte Lesezeit":"8\u00a0Minuten"},"schema":{"@context":"https:\/\/schema.org","@graph":[{"@type":"WebPage","@id":"https:\/\/palabras-languageschool.com\/contact\/","url":"https:\/\/palabras-languageschool.com\/contact\/","name":"Contact - Book now! - Palabras Language School","isPartOf":{"@id":"https:\/\/palabras-languageschool.com\/#website"},"datePublished":"2018-09-10T12:48:22+00:00","dateModified":"2024-05-01T13:53:22+00:00","breadcrumb":{"@id":"https:\/\/palabras-languageschool.com\/contact\/#breadcrumb"},"inLanguage":"de","potentialAction":[{"@type":"ReadAction","target":["https:\/\/palabras-languageschool.com\/contact\/"]}]},{"@type":"BreadcrumbList","@id":"https:\/\/palabras-languageschool.com\/contact\/#breadcrumb","itemListElement":[{"@type":"ListItem","position":1,"name":"Home","item":"https:\/\/palabras-languageschool.com\/"},{"@type":"ListItem","position":2,"name":"Contact &#8211; Book now!"}]},{"@type":"WebSite","@id":"https:\/\/palabras-languageschool.com\/#website","url":"https:\/\/palabras-languageschool.com\/","name":"Palabras Language School","description":"","publisher":{"@id":"https:\/\/palabras-languageschool.com\/#organization"},"alternateName":"Learn Spanish in Las Palmas","potentialAction":[{"@type":"SearchAction","target":{"@type":"EntryPoint","urlTemplate":"https:\/\/palabras-languageschool.com\/?s={search_term_string}"},"query-input":"required name=search_term_string"}],"inLanguage":"de"},{"@type":"Organization","@id":"https:\/\/palabras-languageschool.com\/#organization","name":"Learn Spanish in Las Palmas de Gran Canaria","alternateName":"Spanish School Gran Canaria","url":"https:\/\/palabras-languageschool.com\/","logo":{"@type":"ImageObject","inLanguage":"de","@id":"https:\/\/palabras-languageschool.com\/#\/schema\/logo\/image\/","url":"https:\/\/palabras-languageschool.com\/wp-content\/uploads\/2024\/05\/Untitled-design1.png","contentUrl":"https:\/\/palabras-languageschool.com\/wp-content\/uploads\/2024\/05\/Untitled-design1.png","width":1200,"height":628,"caption":"Learn Spanish in Las Palmas de Gran Canaria"},"image":{"@id":"https:\/\/palabras-languageschool.com\/#\/schema\/logo\/image\/"},"sameAs":["https:\/\/www.facebook.com\/people\/Palabras-Languageschool\/","https:\/\/www.instagram.com\/palabras.languageschool\/"]}]}},"_links":{"self":[{"href":"https:\/\/palabras-languageschool.com\/de\/wp-json\/wp\/v2\/pages\/13","targetHints":{"allow":["GET"]}}],"collection":[{"href":"https:\/\/palabras-languageschool.com\/de\/wp-json\/wp\/v2\/pages"}],"about":[{"href":"https:\/\/palabras-languageschool.com\/de\/wp-json\/wp\/v2\/types\/page"}],"author":[{"embeddable":true,"href":"https:\/\/palabras-languageschool.com\/de\/wp-json\/wp\/v2\/users\/2"}],"replies":[{"embeddable":true,"href":"https:\/\/palabras-languageschool.com\/de\/wp-json\/wp\/v2\/comments?post=13"}],"version-history":[{"count":14,"href":"https:\/\/palabras-languageschool.com\/de\/wp-json\/wp\/v2\/pages\/13\/revisions"}],"predecessor-version":[{"id":4152,"href":"https:\/\/palabras-languageschool.com\/de\/wp-json\/wp\/v2\/pages\/13\/revisions\/4152"}],"wp:attachment":[{"href":"https:\/\/palabras-languageschool.com\/de\/wp-json\/wp\/v2\/media?parent=13"}],"curies":[{"name":"wp","href":"https:\/\/api.w.org\/{rel}","templated":true}]}}