{"id":2188,"date":"2019-04-10T13:54:24","date_gmt":"2019-04-10T13:54:24","guid":{"rendered":"http:\/\/tabula.bold-themes.com\/language\/?page_id=2188"},"modified":"2024-05-01T12:25:27","modified_gmt":"2024-05-01T12:25:27","slug":"courses","status":"publish","type":"page","link":"https:\/\/palabras-languageschool.com\/de\/kurse\/","title":{"rendered":"Kurse"},"content":{"rendered":"<section id=\"bt_bb_section69f4876200d46\" data-parallax=\"0.6\" data-parallax-offset=\"0\" class=\"bt_bb_section bt_bb_color_scheme_1 bt_bb_layout_wide bt_bb_vertical_align_top bt_bb_background_image bt_bb_parallax bt_bb_top_spacing_medium bt_bb_bottom_spacing_extra_large bt_bb_section_with_bottom_coverage_image\" style=\"background-image:url(&#039;https:\/\/palabras-languageschool.com\/wp-content\/uploads\/2019\/04\/Header_schedule.jpg&#039;);; --section-primary-color:#ffffff; --section-secondary-color:#191919;;background-color:#222b54;\" data-bt-override-class=\"null\"><div class=\"bt_bb_port\"><div class=\"bt_bb_cell\"><div class=\"bt_bb_cell_inner\"><div class=\"bt_bb_row_wrapper\"><div  class=\"bt_bb_row bt_bb_shape_inherit\"  data-bt-override-class=\"{}\"><div  class=\"bt_bb_column col-xxl-4 col-xl-4 bt_bb_vertical_align_middle bt_bb_align_left bt_bb_padding_normal bt_bb_shape_inherit\"  data-width=\"4\" data-bt-override-class=\"{}\"><div class=\"bt_bb_column_content\"><div class=\"bt_bb_column_content_inner\"><div class=\"bt_bb_separator bt_bb_border_style_none bt_bb_bottom_spacing_medium\" data-bt-override-class=\"null\"><\/div><\/div><\/div><\/div><div  class=\"bt_bb_column col-xxl-4 col-xl-4 bt_bb_vertical_align_middle bt_bb_align_center bt_bb_padding_normal bt_bb_animation_fade_in animate bt_bb_shape_inherit\"  data-width=\"4\" data-bt-override-class=\"{}\"><div class=\"bt_bb_column_content\"><div class=\"bt_bb_column_content_inner\"><div class=\"bt_bb_separator bt_bb_border_style_none bt_bb_bottom_spacing_large bt_bb_hidden_xs\" data-bt-override-class=\"null\"><\/div><header data-bb-version=\"4.9.1\" class=\"bt_bb_headline bt_bb_subheadline_text_transform_default bt_bb_dash_none bt_bb_superheadline bt_bb_subheadline bt_bb_size_extralarge bt_bb_align_inherit\" data-bt-override-class=\"{&quot;bt_bb_size_&quot;:{&quot;current_class&quot;:&quot;bt_bb_size_extralarge&quot;,&quot;xxl&quot;:&quot;extralarge&quot;},&quot;bt_bb_align_&quot;:{&quot;current_class&quot;:&quot;bt_bb_align_inherit&quot;,&quot;xxl&quot;:&quot;inherit&quot;}}\"><h1 class=\"bt_bb_headline_tag\"><span class=\"bt_bb_headline_superheadline\">Auf dich abgestimmt<\/span><span class=\"bt_bb_headline_content\"><span>UNSERE KURSE<\/span><\/span><\/h1><div class=\"bt_bb_headline_subheadline\">Verschaffe dir einen \u00dcberblick, welcher Kurs am besten zu dir passt und buche direkt online \u00fcber unsere Webseite oder melde dich jederzeit per WhatsApp oder E-Mail bei uns und wir helfen dir gerne weiter!<\/div><\/header><div class=\"bt_bb_separator bt_bb_border_style_none bt_bb_bottom_spacing_large\" data-bt-override-class=\"null\"><\/div><\/div><\/div><\/div><div  class=\"bt_bb_column col-xxl-4 col-xl-4 bt_bb_vertical_align_middle bt_bb_align_left bt_bb_padding_normal bt_bb_shape_inherit\"  data-width=\"4\" data-bt-override-class=\"{}\"><div class=\"bt_bb_column_content\"><div class=\"bt_bb_column_content_inner\"><div class=\"bt_bb_separator bt_bb_border_style_none bt_bb_bottom_spacing_medium\" data-bt-override-class=\"null\"><\/div><\/div><\/div><\/div><\/div><\/div><\/div><\/div><\/div><div class=\"bt_bb_section_bottom_section_coverage_image\"><img decoding=\"async\" src=\"https:\/\/palabras-languageschool.com\/wp-content\/uploads\/2019\/04\/Wave_White_bottom_left_shape_04.png\" alt=\"bt_bb_section_bottom_section_coverage_image\" \/><\/div><\/section><section id=\"bt_bb_section69f4876201723\"  class=\"bt_bb_section bt_bb_layout_boxed_1200 bt_bb_vertical_align_top bt_bb_bottom_spacing_medium\"  data-bt-override-class=\"null\"><div class=\"bt_bb_port\"><div class=\"bt_bb_cell\"><div class=\"bt_bb_cell_inner\"><div class=\"bt_bb_row_wrapper\"><div  class=\"bt_bb_row bt_bb_column_gap_30 bt_bb_negative_margin_extralarge bt_bb_shape_inherit\"  data-bt-override-class=\"{}\"><div data-bb-version=\"4.7.6\"  class=\"bt_bb_column col-xxl-4 col-xl-4 bt_bb_vertical_align_top bt_bb_align_left bt_bb_padding_normal bt_bb_animation_fade_in animate bt_bb_shape_inherit\"  data-width=\"4\" data-bt-override-class=\"{&quot;bt_bb_align_&quot;:{&quot;current_class&quot;:&quot;bt_bb_align_left&quot;,&quot;xxl&quot;:&quot;left&quot;},&quot;bt_bb_padding_&quot;:{&quot;current_class&quot;:&quot;bt_bb_padding_normal&quot;,&quot;xxl&quot;:&quot;normal&quot;}}\"><div class=\"bt_bb_column_content\"><div class=\"bt_bb_column_content_inner\"><div data-bb-version=\"4.7.6\" class=\"bt_bb_card bt_bb_title_size_small bt_bb_shape_soft-rounded\"><div class=\"bt_bb_card_image\"><div class=\"bt_bb_image\" data-bt-override-class=\"null\"><span><img src = \"https:\/\/palabras-languageschool.com\/wp-content\/plugins\/bold-page-builder\/img\/blank.gif\" data-image_src=\"https:\/\/palabras-languageschool.com\/wp-content\/uploads\/2024\/02\/bandera-e1708883748633.jpg\" title=\"bandera\" alt=\"https:\/\/palabras-languageschool.com\/wp-content\/uploads\/2024\/02\/bandera-e1708883748633.jpg\" class=\"btLazyLoadImage\"><\/span><\/div><\/div><div class=\"bt_bb_card_content\"><div class=\"bt_bb_card_content_inner\"><div class=\"bt_bb_card_supertitle\">UNSER LIEBLINGSKURS!<\/div><h2 class=\"bt_bb_card_title\">Intensiv 20<\/h2><div class=\"bt_bb_card_text\">Die Basis f\u00fcr jede Lernreise. Wir beginnen jeden Montag mit 20 Unterrichtsstunden pro Woche am Vormittag.\r\n\r\n<\/div><span class=\"bt_bb_card_button_text\"><\/span><\/div><\/div><\/div><div class=\"bt_bb_separator bt_bb_border_style_none bt_bb_bottom_spacing_medium\" data-bt-override-class=\"null\"><\/div><\/div><\/div><\/div><div  class=\"bt_bb_column col-xxl-4 col-xl-4 bt_bb_vertical_align_top bt_bb_align_left bt_bb_padding_normal bt_bb_animation_fade_in animate bt_bb_shape_inherit\"  data-width=\"4\" data-bt-override-class=\"{}\"><div class=\"bt_bb_column_content\"><div class=\"bt_bb_column_content_inner\"><div data-bb-version=\"4.7.6\" class=\"bt_bb_card bt_bb_title_size_small bt_bb_shape_soft-rounded\"><div class=\"bt_bb_card_image\"><div class=\"bt_bb_image\" data-bt-override-class=\"null\"><span><img src = \"https:\/\/palabras-languageschool.com\/wp-content\/plugins\/bold-page-builder\/img\/blank.gif\" data-image_src=\"https:\/\/palabras-languageschool.com\/wp-content\/uploads\/2024\/02\/sam-williams-UuGAw6nF0Vw-unsplash-scaled-e1708883797660.jpg\" title=\"sam-williams-UuGAw6nF0Vw-unsplash-scaled-e1708881906780\" alt=\"https:\/\/palabras-languageschool.com\/wp-content\/uploads\/2024\/02\/sam-williams-UuGAw6nF0Vw-unsplash-scaled-e1708883797660.jpg\" class=\"btLazyLoadImage\"><\/span><\/div><\/div><div class=\"bt_bb_card_content\"><div class=\"bt_bb_card_content_inner\"><div class=\"bt_bb_card_supertitle\">GEHEN SIE DIE EXTRA MEILE!<\/div><h2 class=\"bt_bb_card_title\">Super-Intensiv 30<\/h2><div class=\"bt_bb_card_text\">Gleicher Inhalt wie Intensiv 20 am Vormittag. Zus\u00e4tzliche Konversations- und Praxisstunden nach der Mittagspause.\r\n\r\n<\/div><span class=\"bt_bb_card_button_text\"><\/span><\/div><\/div><\/div><div class=\"bt_bb_separator bt_bb_border_style_none bt_bb_bottom_spacing_medium\" data-bt-override-class=\"{&quot;bt_bb_bottom_spacing_&quot;:{&quot;current_class&quot;:&quot;bt_bb_bottom_spacing_medium&quot;,&quot;xxl&quot;:&quot;medium&quot;}}\"><\/div><\/div><\/div><\/div><div  class=\"bt_bb_column col-xxl-4 col-xl-4 bt_bb_vertical_align_top bt_bb_align_left bt_bb_padding_normal bt_bb_animation_fade_in animate bt_bb_shape_inherit\"  data-width=\"4\" data-bt-override-class=\"{}\"><div class=\"bt_bb_column_content\"><div class=\"bt_bb_column_content_inner\"><div data-bb-version=\"4.7.6\" class=\"bt_bb_card bt_bb_title_size_small bt_bb_shape_soft-rounded\"><div class=\"bt_bb_card_image\"><div class=\"bt_bb_image\" data-bt-override-class=\"null\"><span><img src = \"https:\/\/palabras-languageschool.com\/wp-content\/plugins\/bold-page-builder\/img\/blank.gif\" data-image_src=\"https:\/\/palabras-languageschool.com\/wp-content\/uploads\/2023\/11\/jon-tyson-8MMtYM_3xMY-unsplash-scaled-e1708883701275.jpg\" title=\"jon-tyson-8MMtYM_3xMY-unsplash\" alt=\"https:\/\/palabras-languageschool.com\/wp-content\/uploads\/2023\/11\/jon-tyson-8MMtYM_3xMY-unsplash-scaled-e1708883701275.jpg\" class=\"btLazyLoadImage\"><\/span><\/div><\/div><div class=\"bt_bb_card_content\"><div class=\"bt_bb_card_content_inner\"><div class=\"bt_bb_card_supertitle\">SPANISCH &amp; SURFEN SPASS<\/div><h3 class=\"bt_bb_card_title\">Intensiv 20 + Surfen<\/h3><div class=\"bt_bb_card_text\">Wenn du dein Kaltgetr\u00e4nk auf Spanisch bestellen m\u00f6chtest, nachdem du ein paar Wellen erwischt hast, ist dieser Kurs genau das Richtige f\u00fcr dich!<\/div><span class=\"bt_bb_card_button_text\"><\/span><\/div><\/div><\/div><div class=\"bt_bb_separator bt_bb_border_style_none bt_bb_bottom_spacing_medium\" data-bt-override-class=\"null\"><\/div><\/div><\/div><\/div><\/div><\/div><div class=\"bt_bb_row_wrapper\"><div  class=\"bt_bb_row bt_bb_shape_inherit\"  data-bt-override-class=\"{}\"><div  class=\"bt_bb_column col-xxl-12 col-xl-12 bt_bb_vertical_align_top bt_bb_align_left bt_bb_padding_normal bt_bb_shape_inherit\"  data-width=\"12\" data-bt-override-class=\"{}\"><div class=\"bt_bb_column_content\"><div class=\"bt_bb_column_content_inner\"><div class=\"bt_bb_separator bt_bb_border_style_none bt_bb_bottom_spacing_medium\" data-bt-override-class=\"null\"><\/div><\/div><\/div><\/div><\/div><\/div><div class=\"bt_bb_row_wrapper\"><div  class=\"bt_bb_row bt_bb_column_gap_30 bt_bb_shape_inherit\"  data-bt-override-class=\"{}\"><div  class=\"bt_bb_column col-xxl-4 col-xl-4 bt_bb_vertical_align_top bt_bb_align_left bt_bb_padding_normal bt_bb_animation_fade_in animate bt_bb_shape_inherit\"  data-width=\"4\" data-bt-override-class=\"{}\"><div class=\"bt_bb_column_content\"><div class=\"bt_bb_column_content_inner\"><div data-bb-version=\"4.9.1\" class=\"bt_bb_card bt_bb_shape_soft-rounded\"><div class=\"bt_bb_card_image\"><div class=\"bt_bb_image\" data-bt-override-class=\"null\"><span><img src = \"https:\/\/palabras-languageschool.com\/wp-content\/plugins\/bold-page-builder\/img\/blank.gif\" data-image_src=\"https:\/\/palabras-languageschool.com\/wp-content\/uploads\/2023\/11\/man-4749237_1280-e1708884116689.jpg\" title=\"mann-4749237_1280\" alt=\"https:\/\/palabras-languageschool.com\/wp-content\/uploads\/2023\/11\/man-4749237_1280-e1708884116689.jpg\" class=\"btLazyLoadImage\"><\/span><\/div><\/div><div class=\"bt_bb_card_content\"><div class=\"bt_bb_card_content_inner\"><div class=\"bt_bb_card_supertitle\">SCHNELLES LERNEN, ANGEPASST AN IHREN LEBENSSTIL<\/div><h3 class=\"bt_bb_card_title\">Digitale Nomaden<\/h3><div class=\"bt_bb_card_text\">Zweimal pro Woche bei einem Mindestaufenthalt von 1 Monat.\r\nLerne t\u00e4glich Spanisch, um wie ein Einheimischer zu sprechen.\r\n<\/div><span class=\"bt_bb_card_button_text\"><\/span><\/div><\/div><\/div><div class=\"bt_bb_separator bt_bb_border_style_none bt_bb_bottom_spacing_medium\" data-bt-override-class=\"null\"><\/div><\/div><\/div><\/div><div  class=\"bt_bb_column col-xxl-4 col-xl-4 bt_bb_vertical_align_top bt_bb_align_left bt_bb_padding_normal bt_bb_animation_fade_in animate bt_bb_shape_inherit\"  data-width=\"4\" data-bt-override-class=\"{}\"><div class=\"bt_bb_column_content\"><div class=\"bt_bb_column_content_inner\"><div data-bb-version=\"4.9.1\" class=\"bt_bb_card bt_bb_shape_soft-rounded\"><div class=\"bt_bb_card_image\"><div class=\"bt_bb_image\" data-bt-override-class=\"null\"><span><img src = \"https:\/\/palabras-languageschool.com\/wp-content\/plugins\/bold-page-builder\/img\/blank.gif\" data-image_src=\"https:\/\/palabras-languageschool.com\/wp-content\/uploads\/2023\/11\/spanish-375830_1280-e1708884388974.jpg\" title=\"spanisch-375830_1280\" alt=\"https:\/\/palabras-languageschool.com\/wp-content\/uploads\/2023\/11\/spanish-375830_1280-e1708884388974.jpg\" class=\"btLazyLoadImage\"><\/span><\/div><\/div><div class=\"bt_bb_card_content\"><div class=\"bt_bb_card_content_inner\"><div class=\"bt_bb_card_supertitle\">KURSE F\u00dcR LANGZEITSTUDENTEN<\/div><h3 class=\"bt_bb_card_title\">Anwohner<\/h3><div class=\"bt_bb_card_text\">Gran Canaria ist dein Zuhause f\u00fcr eine Weile? Lerne Spanisch und genie\u00dfe die Insel wie ein Einheimischer.<\/div><span class=\"bt_bb_card_button_text\"><\/span><\/div><\/div><\/div><div class=\"bt_bb_separator bt_bb_border_style_none bt_bb_bottom_spacing_medium\" data-bt-override-class=\"null\"><\/div><\/div><\/div><\/div><div  class=\"bt_bb_column col-xxl-4 col-xl-4 bt_bb_vertical_align_top bt_bb_align_left bt_bb_padding_normal bt_bb_animation_fade_in animate bt_bb_shape_inherit\"  data-width=\"4\" data-bt-override-class=\"{}\"><div class=\"bt_bb_column_content\"><div class=\"bt_bb_column_content_inner\"><div data-bb-version=\"4.9.1\" class=\"bt_bb_card bt_bb_shape_soft-rounded\"><div class=\"bt_bb_card_image\"><div class=\"bt_bb_image\" data-bt-override-class=\"null\"><span><img src = \"https:\/\/palabras-languageschool.com\/wp-content\/plugins\/bold-page-builder\/img\/blank.gif\" data-image_src=\"https:\/\/palabras-languageschool.com\/wp-content\/uploads\/2023\/11\/technology-2646431_1280-e1708884187687.jpg\" title=\"technology-2646431_1280\" alt=\"https:\/\/palabras-languageschool.com\/wp-content\/uploads\/2023\/11\/technology-2646431_1280-e1708884187687.jpg\" class=\"btLazyLoadImage\"><\/span><\/div><\/div><div class=\"bt_bb_card_content\"><div class=\"bt_bb_card_content_inner\"><div class=\"bt_bb_card_supertitle\">VON \u00dcBERALL AUS LERNEN<\/div><h3 class=\"bt_bb_card_title\">Online-Unterricht<\/h3><div class=\"bt_bb_card_text\">Passe deine Lernreise an, lege deinen eigenen Weg und Zeitplan fest und passe dein Lernen an deine Bed\u00fcrfnisse an.\r\n<\/div><span class=\"bt_bb_card_button_text\"><\/span><\/div><\/div><\/div><div class=\"bt_bb_separator bt_bb_border_style_none bt_bb_bottom_spacing_medium\" data-bt-override-class=\"null\"><\/div><\/div><\/div><\/div><\/div><\/div><\/div><\/div><\/div><\/section>","protected":false},"excerpt":{"rendered":"","protected":false},"author":2,"featured_media":0,"parent":0,"menu_order":3,"comment_status":"closed","ping_status":"closed","template":"","meta":{"_monsterinsights_skip_tracking":false,"_monsterinsights_sitenote_active":false,"_monsterinsights_sitenote_note":"","_monsterinsights_sitenote_category":0,"footnotes":""},"class_list":["post-2188","page","type-page","status-publish","hentry"],"yoast_head":"<!-- This site is optimized with the Yoast SEO plugin v22.6 - https:\/\/yoast.com\/wordpress\/plugins\/seo\/ -->\n<title>Courses - Palabras Language School<\/title>\n<meta name=\"robots\" content=\"index, follow, max-snippet:-1, max-image-preview:large, max-video-preview:-1\" \/>\n<link rel=\"canonical\" href=\"https:\/\/palabras-languageschool.com\/de\/kurse\/\" \/>\n<meta property=\"og:locale\" content=\"de_DE\" \/>\n<meta property=\"og:type\" content=\"article\" \/>\n<meta property=\"og:title\" content=\"Courses - Palabras Language School\" \/>\n<meta property=\"og:url\" content=\"https:\/\/palabras-languageschool.com\/de\/kurse\/\" \/>\n<meta property=\"og:site_name\" content=\"Palabras Language School\" \/>\n<meta property=\"article:publisher\" content=\"https:\/\/www.facebook.com\/people\/Palabras-Languageschool\/\" \/>\n<meta property=\"article:modified_time\" content=\"2024-05-01T12:25:27+00:00\" \/>\n<meta name=\"twitter:card\" content=\"summary_large_image\" \/>\n<meta name=\"twitter:label1\" content=\"Gesch\u00e4tzte Lesezeit\" \/>\n\t<meta name=\"twitter:data1\" content=\"8\u00a0Minuten\" \/>\n<script type=\"application\/ld+json\" class=\"yoast-schema-graph\">{\"@context\":\"https:\/\/schema.org\",\"@graph\":[{\"@type\":\"WebPage\",\"@id\":\"https:\/\/palabras-languageschool.com\/courses\/\",\"url\":\"https:\/\/palabras-languageschool.com\/courses\/\",\"name\":\"Courses - Palabras Language School\",\"isPartOf\":{\"@id\":\"https:\/\/palabras-languageschool.com\/#website\"},\"datePublished\":\"2019-04-10T13:54:24+00:00\",\"dateModified\":\"2024-05-01T12:25:27+00:00\",\"breadcrumb\":{\"@id\":\"https:\/\/palabras-languageschool.com\/courses\/#breadcrumb\"},\"inLanguage\":\"de\",\"potentialAction\":[{\"@type\":\"ReadAction\",\"target\":[\"https:\/\/palabras-languageschool.com\/courses\/\"]}]},{\"@type\":\"BreadcrumbList\",\"@id\":\"https:\/\/palabras-languageschool.com\/courses\/#breadcrumb\",\"itemListElement\":[{\"@type\":\"ListItem\",\"position\":1,\"name\":\"Home\",\"item\":\"https:\/\/palabras-languageschool.com\/\"},{\"@type\":\"ListItem\",\"position\":2,\"name\":\"Courses\"}]},{\"@type\":\"WebSite\",\"@id\":\"https:\/\/palabras-languageschool.com\/#website\",\"url\":\"https:\/\/palabras-languageschool.com\/\",\"name\":\"Palabras Language School\",\"description\":\"\",\"publisher\":{\"@id\":\"https:\/\/palabras-languageschool.com\/#organization\"},\"alternateName\":\"Learn Spanish in Las Palmas\",\"potentialAction\":[{\"@type\":\"SearchAction\",\"target\":{\"@type\":\"EntryPoint\",\"urlTemplate\":\"https:\/\/palabras-languageschool.com\/?s={search_term_string}\"},\"query-input\":\"required name=search_term_string\"}],\"inLanguage\":\"de\"},{\"@type\":\"Organization\",\"@id\":\"https:\/\/palabras-languageschool.com\/#organization\",\"name\":\"Learn Spanish in Las Palmas de Gran Canaria\",\"alternateName\":\"Spanish School Gran Canaria\",\"url\":\"https:\/\/palabras-languageschool.com\/\",\"logo\":{\"@type\":\"ImageObject\",\"inLanguage\":\"de\",\"@id\":\"https:\/\/palabras-languageschool.com\/#\/schema\/logo\/image\/\",\"url\":\"https:\/\/palabras-languageschool.com\/wp-content\/uploads\/2024\/05\/Untitled-design1.png\",\"contentUrl\":\"https:\/\/palabras-languageschool.com\/wp-content\/uploads\/2024\/05\/Untitled-design1.png\",\"width\":1200,\"height\":628,\"caption\":\"Learn Spanish in Las Palmas de Gran Canaria\"},\"image\":{\"@id\":\"https:\/\/palabras-languageschool.com\/#\/schema\/logo\/image\/\"},\"sameAs\":[\"https:\/\/www.facebook.com\/people\/Palabras-Languageschool\/\",\"https:\/\/www.instagram.com\/palabras.languageschool\/\"]}]}<\/script>\n<!-- \/ Yoast SEO plugin. -->","yoast_head_json":{"title":"Courses - Palabras Language School","robots":{"index":"index","follow":"follow","max-snippet":"max-snippet:-1","max-image-preview":"max-image-preview:large","max-video-preview":"max-video-preview:-1"},"canonical":"https:\/\/palabras-languageschool.com\/de\/kurse\/","og_locale":"de_DE","og_type":"article","og_title":"Courses - Palabras Language School","og_url":"https:\/\/palabras-languageschool.com\/de\/kurse\/","og_site_name":"Palabras Language School","article_publisher":"https:\/\/www.facebook.com\/people\/Palabras-Languageschool\/","article_modified_time":"2024-05-01T12:25:27+00:00","twitter_card":"summary_large_image","twitter_misc":{"Gesch\u00e4tzte Lesezeit":"8\u00a0Minuten"},"schema":{"@context":"https:\/\/schema.org","@graph":[{"@type":"WebPage","@id":"https:\/\/palabras-languageschool.com\/courses\/","url":"https:\/\/palabras-languageschool.com\/courses\/","name":"Courses - Palabras Language School","isPartOf":{"@id":"https:\/\/palabras-languageschool.com\/#website"},"datePublished":"2019-04-10T13:54:24+00:00","dateModified":"2024-05-01T12:25:27+00:00","breadcrumb":{"@id":"https:\/\/palabras-languageschool.com\/courses\/#breadcrumb"},"inLanguage":"de","potentialAction":[{"@type":"ReadAction","target":["https:\/\/palabras-languageschool.com\/courses\/"]}]},{"@type":"BreadcrumbList","@id":"https:\/\/palabras-languageschool.com\/courses\/#breadcrumb","itemListElement":[{"@type":"ListItem","position":1,"name":"Home","item":"https:\/\/palabras-languageschool.com\/"},{"@type":"ListItem","position":2,"name":"Courses"}]},{"@type":"WebSite","@id":"https:\/\/palabras-languageschool.com\/#website","url":"https:\/\/palabras-languageschool.com\/","name":"Palabras Language School","description":"","publisher":{"@id":"https:\/\/palabras-languageschool.com\/#organization"},"alternateName":"Learn Spanish in Las Palmas","potentialAction":[{"@type":"SearchAction","target":{"@type":"EntryPoint","urlTemplate":"https:\/\/palabras-languageschool.com\/?s={search_term_string}"},"query-input":"required name=search_term_string"}],"inLanguage":"de"},{"@type":"Organization","@id":"https:\/\/palabras-languageschool.com\/#organization","name":"Learn Spanish in Las Palmas de Gran Canaria","alternateName":"Spanish School Gran Canaria","url":"https:\/\/palabras-languageschool.com\/","logo":{"@type":"ImageObject","inLanguage":"de","@id":"https:\/\/palabras-languageschool.com\/#\/schema\/logo\/image\/","url":"https:\/\/palabras-languageschool.com\/wp-content\/uploads\/2024\/05\/Untitled-design1.png","contentUrl":"https:\/\/palabras-languageschool.com\/wp-content\/uploads\/2024\/05\/Untitled-design1.png","width":1200,"height":628,"caption":"Learn Spanish in Las Palmas de Gran Canaria"},"image":{"@id":"https:\/\/palabras-languageschool.com\/#\/schema\/logo\/image\/"},"sameAs":["https:\/\/www.facebook.com\/people\/Palabras-Languageschool\/","https:\/\/www.instagram.com\/palabras.languageschool\/"]}]}},"_links":{"self":[{"href":"https:\/\/palabras-languageschool.com\/de\/wp-json\/wp\/v2\/pages\/2188","targetHints":{"allow":["GET"]}}],"collection":[{"href":"https:\/\/palabras-languageschool.com\/de\/wp-json\/wp\/v2\/pages"}],"about":[{"href":"https:\/\/palabras-languageschool.com\/de\/wp-json\/wp\/v2\/types\/page"}],"author":[{"embeddable":true,"href":"https:\/\/palabras-languageschool.com\/de\/wp-json\/wp\/v2\/users\/2"}],"replies":[{"embeddable":true,"href":"https:\/\/palabras-languageschool.com\/de\/wp-json\/wp\/v2\/comments?post=2188"}],"version-history":[{"count":49,"href":"https:\/\/palabras-languageschool.com\/de\/wp-json\/wp\/v2\/pages\/2188\/revisions"}],"predecessor-version":[{"id":4135,"href":"https:\/\/palabras-languageschool.com\/de\/wp-json\/wp\/v2\/pages\/2188\/revisions\/4135"}],"wp:attachment":[{"href":"https:\/\/palabras-languageschool.com\/de\/wp-json\/wp\/v2\/media?parent=2188"}],"curies":[{"name":"wp","href":"https:\/\/api.w.org\/{rel}","templated":true}]}}