{"id":4025,"date":"2024-03-03T18:20:36","date_gmt":"2024-03-03T18:20:36","guid":{"rendered":"https:\/\/palabras-languageschool.com\/?page_id=4025"},"modified":"2024-05-01T12:39:30","modified_gmt":"2024-05-01T12:39:30","slug":"imprint-and-legal","status":"publish","type":"page","link":"https:\/\/palabras-languageschool.com\/de\/impressum-und-rechtliches\/","title":{"rendered":"Impressum und Rechtliches"},"content":{"rendered":"<p class=\"lead\"><strong>Definitionen<\/strong><\/p>\r\n<p class=\"lead\">Die Palabras Sprachschule wird ab diesem Zeitpunkt als \"die Schule\" bezeichnet. Der \"Sch\u00fcler\" ist die Person, auf deren Namen die Buchung erfolgt.\u00a0\u00a0\u00a0\u00a0\u00a0\u00a0\u00a0\u00a0<br \/><br \/><strong>Diese Vereinbarung\u00a0<\/strong>\u00a0\u00a0\u00a0<\/p>\r\n<p class=\"lead\">Diese Vereinbarung ist rechtsverbindlich, sobald die Schule die vollst\u00e4ndige oder teilweise Zahlung f\u00fcr einen Kurs und\/oder eine Unterkunft von einem Sch\u00fcler erhalten hat. F\u00fcr diese Vereinbarung gelten die Gesetze Spaniens.\u00a0\u00a0\u00a0\u00a0\u00a0\u00a0\u00a0\u00a0\u00a0\u00a0<br \/><br \/><strong>Zahlung\u00a0<\/strong>\u00a0\u00a0\u00a0\u00a0\u00a0\u00a0\u00a0\u00a0<\/p>\r\n<p class=\"lead\">Die Kurs- und Unterkunftsgeb\u00fchren sind sp\u00e4testens 4 Wochen vor Kursbeginn f\u00e4llig. Wenn der Rest der Geb\u00fchren nicht 4 Wochen vor Kursbeginn eingegangen ist, beh\u00e4lt sich die Schule das Recht vor, den gebuchten Kurs (und die Unterkunft) zu stornieren. F\u00fcr alle Buchungen ist die vollst\u00e4ndige Zahlung zum Zeitpunkt der Buchung erforderlich. F\u00fcr Visumsteilnehmer\/innen ist ebenfalls die vollst\u00e4ndige Zahlung erforderlich, damit sie von der Schule die notwendigen Unterlagen f\u00fcr das Konsulat erhalten.\u00a0\u00a0\u00a0\u00a0\u00a0\u00a0\u00a0\u00a0\u00a0\u00a0<br \/>Die Schule beh\u00e4lt sich das Recht vor, die Preise zu \u00e4ndern.\u00a0\u00a0 <br \/>\u00a0\u00a0\u00a0\u00a0\u00a0\u00a0\u00a0\u00a0\u00a0\u00a0<br \/>Der\/die Sch\u00fcler\/in ist daf\u00fcr verantwortlich, dass die Zahlung in voller H\u00f6he bei der Schule eingeht, ohne dass Bankgeb\u00fchren von der Schule \u00fcbernommen werden m\u00fcssen.\u00a0\u00a0\u00a0\u00a0\u00a0\u00a0\u00a0\u00a0\u00a0\u00a0<br \/><br \/><strong>Zahlungsarten\u00a0<\/strong>\u00a0\u00a0\u00a0\u00a0\u00a0\u00a0\u00a0\u00a0<\/p>\r\n<p class=\"lead\"><br \/>Kredit-\/Debitkarte<br \/>Die Schule akzeptiert Zahlungen mit Visa-, MasterCard- und American Express-Kreditkarten sowie Debitkarten.\u00a0\u00a0\u00a0\u00a0\u00a0\u00a0\u00a0\u00a0\u00a0\u00a0<br \/>\u202f\u00a0\u00a0\u00a0\u00a0\u00a0\u00a0\u00a0\u00a0\u00a0\u00a0<br \/>Bank\u00fcberweisung\u00a0\u00a0\u00a0\u00a0\u00a0\u00a0\u00a0\u00a0\u00a0\u00a0<br \/>Du kannst auch per Bank\u00fcberweisung zahlen. Die Schule sollte den vollen Betrag in Euro erhalten, ohne dass Bankgeb\u00fchren anfallen. Wenn die Schule bei Eingang der \u00dcberweisung Bankgeb\u00fchren zahlen muss, werden diese auf die Rechnung des Sch\u00fclers\/der Sch\u00fclerin aufgeschlagen. Sobald ein\/e Sch\u00fcler\/in eine \u00dcberweisung get\u00e4tigt hat, sollte er\/sie die Schule davon in Kenntnis setzen und eine Kopie der \u00dcberweisung per Post oder E-Mail an die Schule senden. Die Bankverbindung der Schule lautet:\u00a0\u00a0\u00a0\u00a0\u00a0\u00a0\u00a0\u00a0\u00a0\u00a0<br \/>\u00a0\u00a0\u00a0\u00a0\u00a0\u00a0\u00a0\u00a0\u00a0\u00a0<br \/>Kontoname: SMART INNOVATIVE EDUCATION \u00a0\u00a0\u00a0\u00a0\u00a0\u00a0\u00a0\u00a0 \u00a0\u00a0\u00a0\u00a0\u00a0 <br \/>IBAN: ES77 0182 2931 1102 0170 0560 \u00a0\u00a0\u00a0\u00a0\u00a0\u00a0 <br \/>SWIFT:\u00a0\u00a0\u00a0\u00a0\u00a0\u00a0\u00a0\u00a0\u00a0\u00a0 <br \/>Bank: Banco Bilbao Vizcaya Argentaria (BBVA) \u00a0\u00a0\u00a0\u00a0\u00a0\u00a0 \u00a0\u00a0\u00a0\u00a0\u00a0\u00a0\u00a0\u00a0\u00a0 <br \/>\u00a0\u00a0\u00a0\u00a0\u00a0\u00a0\u00a0\u00a0\u00a0\u00a0<br \/><strong>\u00c4nderungen der Buchung\u00a0<\/strong>\u00a0\u00a0\u00a0\u00a0\u00a0\u00a0\u00a0\u00a0<\/p>\r\n<p class=\"lead\"><br \/>Die Schule kann Buchungs\u00e4nderungen (\u00c4nderung des Datums, der Dauer, der Art des Kurses oder der Unterkunft usw.) auf Wunsch des Teilnehmers je nach Verf\u00fcgbarkeit zustimmen. Solche \u00c4nderungsw\u00fcnsche m\u00fcssen sp\u00e4testens 30 Tage vor Kursbeginn schriftlich bei der Schule eingehen und es wird eine \u00c4nderungsgeb\u00fchr von 100 Euro erhoben. <br \/>\u00a0\u00a0\u00a0\u00a0\u00a0\u00a0\u00a0\u00a0\u00a0\u00a0<br \/>Wenn der gebuchte Kurs f\u00fcr den Sch\u00fcler nicht verf\u00fcgbar ist, weil der Kurs nicht seinem Sprachniveau entspricht, bietet die Schule einen alternativen Kurs mit demselben Wert an.\u00a0\u00a0\u00a0\u00a0\u00a0\u00a0\u00a0\u00a0\u00a0\u00a0<br \/><br \/><strong>Verpasster Unterricht\u00a0<\/strong>\u00a0\u00a0\u00a0\u00a0\u00a0\u00a0\u00a0\u00a0<\/p>\r\n<p class=\"lead\"><br \/>Wenn der\/die Sch\u00fcler\/in nicht am geplanten Einzel- oder Gruppenunterricht teilnehmen kann, muss die Schule sp\u00e4testens am Freitag vor dem Unterricht schriftlich informiert werden. Es ist nicht m\u00f6glich, vers\u00e4umte Einzelstunden oder Gruppenkurstage nachzuholen. F\u00fcr solche F\u00e4lle und unvorhersehbare Abwesenheiten bietet die Schule einen virtuellen Unterricht an. Bei vorhersehbaren Abwesenheiten ist es m\u00f6glich, den Unterricht f\u00fcr eine beliebige Anzahl von vollen Wochen (von Montag bis Freitag) zu unterbrechen.\u00a0\u00a0\u00a0\u00a0\u00a0\u00a0\u00a0\u00a0 <br \/><br \/><strong>Aktivit\u00e4ten und Exkursionen\u00a0<\/strong>\u00a0\u00a0\u00a0\u00a0\u00a0\u00a0\u00a0\u00a0<\/p>\r\n<p class=\"lead\"><br \/>Die allgemeinen Informationen \u00fcber die von der Schule angebotenen Aktivit\u00e4ten und Ausfl\u00fcge sollten nur als Leitfaden und nicht als genaue Liste der Veranstaltungen verwendet werden. Die Schule beh\u00e4lt sich das Recht vor, das Programm der Aktivit\u00e4ten zu \u00e4ndern.\u00a0\u00a0\u00a0\u00a0\u00a0\u00a0\u00a0\u00a0\u00a0\u00a0<br \/><br \/><strong>Studenten ohne Visum<\/strong>\u00a0\u00a0\u00a0\u00a0\u00a0\u00a0\u00a0\u00a0\u00a0<br \/><strong>Stornierungsbedingungen\u00a0<\/strong>\u00a0\u00a0\u00a0\u00a0\u00a0\u00a0\u00a0\u00a0<\/p>\r\n<p class=\"lead\"><br \/>Die R\u00fcckerstattungsrichtlinien der Schule entsprechen den aktuellen spanischen Gesetzen \u00fcber R\u00fcckerstattungen im Reisesektor. Je nach Grund deiner Stornierung gelten die folgenden Bestimmungen:\u00a0\u00a0\u00a0\u00a0\u00a0\u00a0\u00a0\u00a0\u00a0\u00a0<br \/>\u00a0\u00a0\u00a0\u00a0\u00a0\u00a0\u00a0\u00a0\u00a0\u00a0<br \/>1) Falls du den Kurs und die Unterkunft aus pers\u00f6nlichen Gr\u00fcnden stornieren m\u00f6chtest, gilt Folgendes:\u00a0\u00a0\u00a0\u00a0\u00a0\u00a0\u00a0\u00a0\u00a0\u00a0<br \/>Stornierung bis zu 30 Tage vor Kursbeginn: keine Stornokosten;\u00a0\u00a0\u00a0\u00a0\u00a0\u00a0\u00a0\u00a0\u00a0\u00a0<br \/>Stornierung 29 bis 14 Tage vor Kursbeginn: Verlust der Einschreibegeb\u00fchr (50 Euro) plus 50% der Kursgeb\u00fchren und 50% der Unterkunftsgeb\u00fchren;\u00a0\u00a0\u00a0\u00a0\u00a0\u00a0\u00a0\u00a0\u00a0\u00a0<br \/>Stornierung 13 bis 7 Tage vor Kursbeginn: Verlust der Einschreibegeb\u00fchr (50 Euro) plus 75% der Kursgeb\u00fchren und 75% der Unterkunftsgeb\u00fchren;\u00a0\u00a0\u00a0\u00a0\u00a0\u00a0\u00a0\u00a0\u00a0\u00a0<br \/>Stornierung weniger als 7 Tage vor Kursbeginn: Verlust der Einschreibegeb\u00fchr (50 Euro) plus 100% der Kurs- und Unterbringungsgeb\u00fchren sowie Verlust der vertraglich vereinbarten Zusatzleistungen. \u00a0\u00a0\u00a0\u00a0\u00a0\u00a0\u00a0 <br \/>\u00a0\u00a0\u00a0\u00a0\u00a0\u00a0\u00a0\u00a0\u00a0\u00a0<br \/>Nach dem Tag, an dem der Kurs und\/oder die Unterkunft beginnt, wird keine R\u00fcckerstattung mehr gew\u00e4hrt.\u00a0\u00a0\u00a0\u00a0\u00a0\u00a0\u00a0\u00a0\u00a0\u00a0<br \/>\u00a0\u00a0\u00a0\u00a0\u00a0\u00a0\u00a0\u00a0\u00a0\u00a0<br \/>Die Schule erstattet die Geb\u00fchren gem\u00e4\u00df den oben genannten Richtlinien auf ein vom Sch\u00fcler angegebenes Bankkonto. Die Schule ist nicht daf\u00fcr verantwortlich, wenn der\/die Sch\u00fcler\/in eine falsche Bankverbindung angibt, und die Schule wird in diesem Fall keine weitere Erstattung vornehmen.\u00a0\u00a0\u00a0\u00a0\u00a0\u00a0\u00a0\u00a0\u00a0\u00a0<br \/>\u00a0<\/p>\r\n<p class=\"lead MsoNormal\"><span lang=\"EN-US\"><strong>Hinweis:<\/strong> die oben genannten Bedingungen gelten f\u00fcr unsere Gemeinschaftsunterk\u00fcnfte auch f\u00fcr den Fall, dass sich ein oder mehrere Sch\u00fcler aus derselben Wohngemeinschaft mit Covid-19 infizieren. Die Schule ist nicht in der Lage, die Unterkunft zu stornieren oder eine R\u00fcckerstattung zu gew\u00e4hren, wenn du und\/oder einer deiner Mitbewohner w\u00e4hrend deines Aufenthalts positiv auf Covid-19 getestet werden.<\/span>\u00a0\u00a0\u00a0\u00a0<br \/><br \/><strong>Visum Studenten<\/strong>\u00a0\u00a0\u00a0\u00a0\u00a0\u00a0\u00a0\u00a0\u00a0<br \/><strong>Buchungs\u00e4nderungen<\/strong>\u00a0\u00a0\u00a0\u00a0\u00a0\u00a0\u00a0\u00a0<\/p>\r\n<p class=\"lead\"><br \/>Sobald die Unterlagen zur Unterst\u00fctzung des Visums (Einschreibungsschreiben, Studienplan und vollst\u00e4ndiger Zahlungseingang) an den Sch\u00fcler geschickt wurden, k\u00f6nnen die Art des gebuchten Spanischkurses und seine Dauer nicht mehr ge\u00e4ndert werden. Das Startdatum kann ge\u00e4ndert werden, und es werden neue Visumsunterlagen ausgestellt, falls ein Einspruch nach einer Ablehnung des Visums eingelegt wird oder falls es nur m\u00f6glich ist, einen Termin in der Botschaft nach dem Startdatum des Kurses zu bekommen.\u00a0\u00a0\u00a0\u00a0\u00a0\u00a0\u00a0\u00a0\u00a0\u00a0<br \/>Sobald der\/die Studierende sein\/ihr Studentenvisum erhalten hat, kann das Start- und Enddatum des Programms nicht mehr ge\u00e4ndert werden. Wenn der\/die Sch\u00fcler\/in seinen\/ihren Unterricht sp\u00e4ter als geplant aufnimmt.<br \/><br \/><strong>Stornierungsbedingungen<\/strong><\/p>\r\n<p class=\"lead\"><br \/>Die R\u00fcckerstattungsrichtlinien der Schule entsprechen den aktuellen spanischen Gesetzen \u00fcber R\u00fcckerstattungen im Reisesektor. Je nachdem, aus welchem Grund du dein Programm stornierst, gelten die folgenden Stornierungsrichtlinien:\u00a0\u00a0\u00a0\u00a0\u00a0\u00a0\u00a0\u00a0\u00a0\u00a0<br \/>\u00a0\u00a0\u00a0\u00a0\u00a0\u00a0\u00a0\u00a0\u00a0\u00a0<br \/>1) Falls der\/die Sch\u00fcler\/in eine Ablehnung seines\/ihres Visums erh\u00e4lt:\u00a0\u00a0\u00a0\u00a0\u00a0\u00a0\u00a0\u00a0\u00a0\u00a0<br \/>Der\/die Sch\u00fcler\/in muss der Schule ein offizielles Ablehnungsschreiben des spanischen Konsulats schicken und best\u00e4tigen, ob er\/sie Widerspruch einlegen oder eine R\u00fcckerstattung beantragen m\u00f6chte.\u00a0\u00a0\u00a0\u00a0\u00a0\u00a0\u00a0\u00a0\u00a0\u00a0\u00a0\u00a0\u00a0\u00a0 <br \/>Wenn der\/die Sch\u00fcler\/in eine R\u00fcckerstattung beantragt, erstattet die Schule ihm\/ihr die gesamten gezahlten Geb\u00fchren.<br \/>\u00a0\u00a0\u00a0\u00a0\u00a0\u00a0\u00a0\u00a0\u00a0\u00a0<br \/>2) Im Falle einer K\u00fcndigung aus pers\u00f6nlichen Gr\u00fcnden:\u00a0\u00a0\u00a0\u00a0\u00a0\u00a0\u00a0\u00a0\u00a0\u00a0<br \/>Wenn der\/die Sch\u00fcler\/in sein\/ihr Studentenvisum erfolgreich erhalten hat, muss er\/sie sein\/ihr Visum stornieren, indem er\/sie sich an die spanische Botschaft oder das Konsulat wendet, die das Visum ausgestellt haben. Nachdem das Visum storniert wurde, m\u00fcssen sie die Stornierungsmitteilung per E-Mail an die Schule senden, um eine R\u00fcckerstattung zu erhalten. Es gelten dann die folgenden R\u00fcckerstattungsbedingungen:\u00a0\u00a0\u00a0\u00a0\u00a0\u00a0\u00a0\u00a0\u00a0\u00a0<br \/>Stornierung bis zu 30 Tage vor Kursbeginn: keine Stornokosten;\u00a0\u00a0\u00a0\u00a0\u00a0\u00a0\u00a0\u00a0\u00a0\u00a0<br \/>Stornierung 29 bis 14 Tage vor Kursbeginn: Verlust der Einschreibegeb\u00fchr (50 Euro) plus 50% der Kursgeb\u00fchren und 50% der Unterkunftsgeb\u00fchren;\u00a0\u00a0\u00a0\u00a0\u00a0\u00a0\u00a0\u00a0\u00a0\u00a0<br \/>Stornierung 13 bis 7 Tage vor Kursbeginn: Verlust der Einschreibegeb\u00fchr (50 Euro) plus 75% der Kursgeb\u00fchren und 75% der Unterkunftsgeb\u00fchren;\u00a0\u00a0\u00a0\u00a0\u00a0\u00a0\u00a0\u00a0\u00a0\u00a0<br \/>Stornierung weniger als 7 Tage vor Kursbeginn: Verlust der Einschreibegeb\u00fchr (50 Euro) plus 100% der Unterrichts- und Unterkunftsgeb\u00fchren sowie Verlust der vertraglich vereinbarten Zusatzleistungen, wie z. B. Flughafentransfer.\u00a0\u00a0\u00a0\u00a0\u00a0\u00a0\u00a0\u00a0\u00a0\u00a0<br \/>Nach dem Tag, an dem der Kurs und\/oder die Unterkunft beginnen soll, wird keine Erstattung mehr gew\u00e4hrt.\u00a0\u00a0\u00a0\u00a0\u00a0\u00a0\u00a0\u00a0\u00a0\u00a0<br \/>\u00a0\u00a0\u00a0\u00a0\u00a0\u00a0\u00a0\u00a0\u00a0\u00a0<br \/>Wenn der\/die Sch\u00fcler\/in seine\/ihre Unterlagen zur Unterst\u00fctzung des Visums noch nicht von der Schule erhalten hat, muss er\/sie nur die Stornierungsmitteilung an die Schule schicken und es gelten die gleichen R\u00fcckerstattungsbedingungen.\u00a0\u00a0\u00a0\u00a0\u00a0\u00a0\u00a0\u00a0\u00a0\u00a0<br \/><br \/>Falls der Sch\u00fcler den Kurs (und die Unterkunft, falls gebucht) stornieren m\u00f6chte, nachdem er die Visumsantragsunterlagen von der Schule erhalten hat, ohne diese Unterlagen f\u00fcr den Visumsantrag zu verwenden, muss der Sch\u00fcler ein gerichtliches Verfahren durchlaufen, um im Namen des Gesetzes zu garantieren, dass der Sch\u00fcler die von der Schule erhaltenen Unterlagen nicht f\u00fcr den Visumsantrag verwenden wird, und au\u00dferdem muss der Sch\u00fcler alle zus\u00e4tzlichen Kosten tragen, die der Schule durch den Abschluss eines solchen Verfahrens entstehen k\u00f6nnen. Danach kann die Schule dem\/der Sch\u00fcler\/in den Betrag zur\u00fcckerstatten, den er\/sie f\u00fcr den Spanischkurs (und die Unterkunft, falls gebucht) bezahlt hat, mit Ausnahme von 190 Euro Stornogeb\u00fchr, die die Schule einbeh\u00e4lt.\u00a0\u00a0\u00a0\u00a0\u00a0\u00a0\u00a0\u00a0\u00a0\u00a0<br \/><br \/>Es ist nicht m\u00f6glich, eine R\u00fcckerstattung zu gew\u00e4hren, sobald der\/die Sch\u00fcler\/in sein\/ihr Visum erhalten hat und in Spanien angekommen ist.\u00a0\u00a0\u00a0\u00a0\u00a0\u00a0\u00a0\u00a0\u00a0\u00a0<br \/>\u00a0\u00a0\u00a0\u00a0\u00a0\u00a0\u00a0\u00a0\u00a0\u00a0<br \/>Die Schule erstattet die Geb\u00fchren gem\u00e4\u00df den oben genannten Richtlinien auf ein vom Sch\u00fcler angegebenes Bankkonto. Die Schule ist nicht daf\u00fcr verantwortlich, wenn der\/die Sch\u00fcler\/in eine falsche Bankverbindung angibt, und die Schule wird in diesem Fall keine weitere Erstattung vornehmen.\u00a0\u00a0\u00a0<\/p>\r\n<p class=\"lead MsoNormal\"><br \/><strong>Reisen, Visa-Unterlagen\u00a0<\/strong>\u00a0\u00a0\u00a0\u00a0\u00a0\u00a0\u00a0\u00a0<\/p>\r\n<p class=\"lead\"><br \/>Die Sch\u00fcler m\u00fcssen ihre Reisevorbereitungen selbst treffen und sind f\u00fcr die Beschaffung aller notwendigen Reisedokumente, wie z. B. einen g\u00fcltigen Reisepass und ein Visum, verantwortlich. Die Schule stellt die notwendigen Unterlagen f\u00fcr die Beantragung eines Visums zur Verf\u00fcgung, ist aber nicht f\u00fcr die Entscheidung der Konsularbeh\u00f6rde verantwortlich, ob ein Visumantrag angenommen oder abgelehnt wird. Es liegt in der Verantwortung des Sch\u00fclers\/der Sch\u00fclerin, gen\u00fcgend Zeit f\u00fcr die Beantragung eines Visums einzuplanen, und er\/sie sollte sich bei der Konsularbeh\u00f6rde seines\/ihres Landes erkundigen, wie viel Zeit f\u00fcr die Beantragung des Visums ben\u00f6tigt wird. Wenn ein\/e Sch\u00fcler\/in die Schule bittet, ihm\/ihr die Unterlagen per Kurierdienst\/Expressversand (nicht per E-Mail oder normaler Post) zuzusenden, werden ihm\/ihr die Kosten f\u00fcr den Expressversand\/Kurierdienst in Rechnung gestellt.\u00a0\u00a0\u00a0\u00a0\u00a0\u00a0\u00a0\u00a0\u00a0 <br \/>\u202f\u00a0\u00a0\u00a0\u00a0\u00a0\u00a0\u00a0\u00a0\u00a0\u00a0<br \/><strong>Die Erwartungen der Schule<\/strong><\/p>\r\n<p class=\"lead\"><br \/>Von den Sch\u00fclern und ihren Begleitern wird erwartet, dass sie sich h\u00f6flich verhalten und die Mitsch\u00fcler und Mitarbeiter der Schule sowie die Personen, mit denen sie ihre Unterkunft teilen, respektieren. Illegaler Drogenkonsum, Alkoholmissbrauch oder r\u00fccksichtsloses oder beleidigendes Verhalten gegen\u00fcber anderen wird als inakzeptabel angesehen. Die Schule beh\u00e4lt sich das Recht vor, Sch\u00fcler\/innen, die gegen die Schulordnung versto\u00dfen oder sich anderen gegen\u00fcber r\u00fccksichtslos oder beleidigend verhalten, vom Unterricht und von der Unterbringung in der Schule auszuschlie\u00dfen. Die Schule beh\u00e4lt sich das Recht vor, den Kurs und\/oder die Unterkunft eines Sch\u00fclers zu beenden, der gegen die Bestimmungen dieses Artikels verst\u00f6\u00dft. In diesem Fall wird keine R\u00fcckerstattung f\u00fcr den Kurs oder die Unterkunft gezahlt.<br \/>\u202f<br \/><strong>Genauigkeit der bereitgestellten Informationen\u00a0<\/strong><\/p>\r\n<p class=\"lead\"><br \/>Obwohl alle Anstrengungen unternommen wurden, um sicherzustellen, dass die Informationen in der Schulbrosch\u00fcre und auf den Webseiten der Schule korrekt sind, \u00fcbernimmt die Schule keine Verantwortung f\u00fcr Druck- oder \u00dcbersetzungsfehler oder Auslassungen. Die Schule bittet dich daher, alle Details, die f\u00fcr dich von besonderer Bedeutung sind, vor deiner Buchung zu besprechen. Wenn du Fragen zu den Allgemeinen Gesch\u00e4ftsbedingungen der Schule hast, z\u00f6gere bitte nicht, uns zu kontaktieren:\u00a0\u00a0\u00a0\u00a0\u00a0\u00a0\u00a0\u00a0\u00a0\u00a0<br \/>\u00a0\u00a0\u00a0\u00a0\u00a0\u00a0\u00a0\u00a0\u00a0\u00a0<br \/>Palabras Language School - Smart Innovative Education SL \u00a0\u00a0\u00a0\u00a0\u00a0\u00a0\u00a0 <br \/>Calle Antonio Mar\u00eda Manrique 3 \u00a0\u00a0\u00a0\u00a0\u00a0\u00a0 <br \/>35011<br \/>Las Palmas de Gran Canaria \u00a0\u00a0\u00a0\u00a0 <br \/>Spanien\u00a0\u00a0\u00a0\u00a0\u00a0\u00a0\u00a0\u00a0\u00a0\u00a0<br \/>Telefon: 0034 672 279 001 \u00a0\u00a0\u00a0\u00a0\u00a0\u00a0\u00a0\u00a0 \u00a0\u00a0\u00a0\u00a0 <br \/>E-Mail: hola@palabras-languageschool.com\u00a0<\/p>","protected":false},"excerpt":{"rendered":"<p>Definitionen Die Palabras-Sprachschule wird ab diesem Punkt als \"die Schule\" bezeichnet. Der \"Sch\u00fcler\" ist die Person, auf deren Namen die Buchung erfolgt.         Diese Vereinbarung Diese Vereinbarung ist rechtsverbindlich, sobald die Schule die vollst\u00e4ndige oder teilweise Zahlung f\u00fcr einen Kurs und\/oder eine Unterkunft von einem Sch\u00fcler erhalten hat. Die Gesetze Spaniens...<\/p>","protected":false},"author":1,"featured_media":0,"parent":0,"menu_order":10,"comment_status":"closed","ping_status":"closed","template":"","meta":{"_monsterinsights_skip_tracking":false,"_monsterinsights_sitenote_active":false,"_monsterinsights_sitenote_note":"","_monsterinsights_sitenote_category":0,"footnotes":""},"class_list":["post-4025","page","type-page","status-publish","hentry"],"yoast_head":"<!-- This site is optimized with the Yoast SEO plugin v22.6 - https:\/\/yoast.com\/wordpress\/plugins\/seo\/ -->\n<title>Imprint and Legal - Palabras Language School<\/title>\n<meta name=\"robots\" content=\"index, follow, max-snippet:-1, max-image-preview:large, max-video-preview:-1\" \/>\n<link rel=\"canonical\" href=\"https:\/\/palabras-languageschool.com\/de\/impressum-und-rechtliches\/\" \/>\n<meta property=\"og:locale\" content=\"de_DE\" \/>\n<meta property=\"og:type\" content=\"article\" \/>\n<meta property=\"og:title\" content=\"Imprint and Legal - Palabras Language School\" \/>\n<meta property=\"og:description\" content=\"Definitions Palabras Language School shall be referred to as \u2018the school\u2019 from this point onwards. &#8216;The student&#8217; is the person in whose name the booking is made.\u00a0\u00a0\u00a0\u00a0\u00a0\u00a0\u00a0\u00a0 This Agreement\u00a0\u00a0\u00a0\u00a0 This agreement is legally binding once the school has received full or partial payment for a course and\/or accommodation from a student. The laws of Spain...\" \/>\n<meta property=\"og:url\" content=\"https:\/\/palabras-languageschool.com\/de\/impressum-und-rechtliches\/\" \/>\n<meta property=\"og:site_name\" content=\"Palabras Language School\" \/>\n<meta property=\"article:publisher\" content=\"https:\/\/www.facebook.com\/people\/Palabras-Languageschool\/\" \/>\n<meta property=\"article:modified_time\" content=\"2024-05-01T12:39:30+00:00\" \/>\n<meta name=\"twitter:card\" content=\"summary_large_image\" \/>\n<meta name=\"twitter:label1\" content=\"Gesch\u00e4tzte Lesezeit\" \/>\n\t<meta name=\"twitter:data1\" content=\"9\u00a0Minuten\" \/>\n<script type=\"application\/ld+json\" class=\"yoast-schema-graph\">{\"@context\":\"https:\/\/schema.org\",\"@graph\":[{\"@type\":\"WebPage\",\"@id\":\"https:\/\/palabras-languageschool.com\/imprint-and-legal\/\",\"url\":\"https:\/\/palabras-languageschool.com\/imprint-and-legal\/\",\"name\":\"Imprint and Legal - Palabras Language School\",\"isPartOf\":{\"@id\":\"https:\/\/palabras-languageschool.com\/#website\"},\"datePublished\":\"2024-03-03T18:20:36+00:00\",\"dateModified\":\"2024-05-01T12:39:30+00:00\",\"breadcrumb\":{\"@id\":\"https:\/\/palabras-languageschool.com\/imprint-and-legal\/#breadcrumb\"},\"inLanguage\":\"de\",\"potentialAction\":[{\"@type\":\"ReadAction\",\"target\":[\"https:\/\/palabras-languageschool.com\/imprint-and-legal\/\"]}]},{\"@type\":\"BreadcrumbList\",\"@id\":\"https:\/\/palabras-languageschool.com\/imprint-and-legal\/#breadcrumb\",\"itemListElement\":[{\"@type\":\"ListItem\",\"position\":1,\"name\":\"Home\",\"item\":\"https:\/\/palabras-languageschool.com\/\"},{\"@type\":\"ListItem\",\"position\":2,\"name\":\"Imprint and Legal\"}]},{\"@type\":\"WebSite\",\"@id\":\"https:\/\/palabras-languageschool.com\/#website\",\"url\":\"https:\/\/palabras-languageschool.com\/\",\"name\":\"Palabras Language School\",\"description\":\"\",\"publisher\":{\"@id\":\"https:\/\/palabras-languageschool.com\/#organization\"},\"alternateName\":\"Learn Spanish in Las Palmas\",\"potentialAction\":[{\"@type\":\"SearchAction\",\"target\":{\"@type\":\"EntryPoint\",\"urlTemplate\":\"https:\/\/palabras-languageschool.com\/?s={search_term_string}\"},\"query-input\":\"required name=search_term_string\"}],\"inLanguage\":\"de\"},{\"@type\":\"Organization\",\"@id\":\"https:\/\/palabras-languageschool.com\/#organization\",\"name\":\"Learn Spanish in Las Palmas de Gran Canaria\",\"alternateName\":\"Spanish School Gran Canaria\",\"url\":\"https:\/\/palabras-languageschool.com\/\",\"logo\":{\"@type\":\"ImageObject\",\"inLanguage\":\"de\",\"@id\":\"https:\/\/palabras-languageschool.com\/#\/schema\/logo\/image\/\",\"url\":\"https:\/\/palabras-languageschool.com\/wp-content\/uploads\/2024\/05\/Untitled-design1.png\",\"contentUrl\":\"https:\/\/palabras-languageschool.com\/wp-content\/uploads\/2024\/05\/Untitled-design1.png\",\"width\":1200,\"height\":628,\"caption\":\"Learn Spanish in Las Palmas de Gran Canaria\"},\"image\":{\"@id\":\"https:\/\/palabras-languageschool.com\/#\/schema\/logo\/image\/\"},\"sameAs\":[\"https:\/\/www.facebook.com\/people\/Palabras-Languageschool\/\",\"https:\/\/www.instagram.com\/palabras.languageschool\/\"]}]}<\/script>\n<!-- \/ Yoast SEO plugin. -->","yoast_head_json":{"title":"Imprint and Legal - Palabras Language School","robots":{"index":"index","follow":"follow","max-snippet":"max-snippet:-1","max-image-preview":"max-image-preview:large","max-video-preview":"max-video-preview:-1"},"canonical":"https:\/\/palabras-languageschool.com\/de\/impressum-und-rechtliches\/","og_locale":"de_DE","og_type":"article","og_title":"Imprint and Legal - Palabras Language School","og_description":"Definitions Palabras Language School shall be referred to as \u2018the school\u2019 from this point onwards. &#8216;The student&#8217; is the person in whose name the booking is made.\u00a0\u00a0\u00a0\u00a0\u00a0\u00a0\u00a0\u00a0 This Agreement\u00a0\u00a0\u00a0\u00a0 This agreement is legally binding once the school has received full or partial payment for a course and\/or accommodation from a student. The laws of Spain...","og_url":"https:\/\/palabras-languageschool.com\/de\/impressum-und-rechtliches\/","og_site_name":"Palabras Language School","article_publisher":"https:\/\/www.facebook.com\/people\/Palabras-Languageschool\/","article_modified_time":"2024-05-01T12:39:30+00:00","twitter_card":"summary_large_image","twitter_misc":{"Gesch\u00e4tzte Lesezeit":"9\u00a0Minuten"},"schema":{"@context":"https:\/\/schema.org","@graph":[{"@type":"WebPage","@id":"https:\/\/palabras-languageschool.com\/imprint-and-legal\/","url":"https:\/\/palabras-languageschool.com\/imprint-and-legal\/","name":"Imprint and Legal - Palabras Language School","isPartOf":{"@id":"https:\/\/palabras-languageschool.com\/#website"},"datePublished":"2024-03-03T18:20:36+00:00","dateModified":"2024-05-01T12:39:30+00:00","breadcrumb":{"@id":"https:\/\/palabras-languageschool.com\/imprint-and-legal\/#breadcrumb"},"inLanguage":"de","potentialAction":[{"@type":"ReadAction","target":["https:\/\/palabras-languageschool.com\/imprint-and-legal\/"]}]},{"@type":"BreadcrumbList","@id":"https:\/\/palabras-languageschool.com\/imprint-and-legal\/#breadcrumb","itemListElement":[{"@type":"ListItem","position":1,"name":"Home","item":"https:\/\/palabras-languageschool.com\/"},{"@type":"ListItem","position":2,"name":"Imprint and Legal"}]},{"@type":"WebSite","@id":"https:\/\/palabras-languageschool.com\/#website","url":"https:\/\/palabras-languageschool.com\/","name":"Palabras Language School","description":"","publisher":{"@id":"https:\/\/palabras-languageschool.com\/#organization"},"alternateName":"Learn Spanish in Las Palmas","potentialAction":[{"@type":"SearchAction","target":{"@type":"EntryPoint","urlTemplate":"https:\/\/palabras-languageschool.com\/?s={search_term_string}"},"query-input":"required name=search_term_string"}],"inLanguage":"de"},{"@type":"Organization","@id":"https:\/\/palabras-languageschool.com\/#organization","name":"Learn Spanish in Las Palmas de Gran Canaria","alternateName":"Spanish School Gran Canaria","url":"https:\/\/palabras-languageschool.com\/","logo":{"@type":"ImageObject","inLanguage":"de","@id":"https:\/\/palabras-languageschool.com\/#\/schema\/logo\/image\/","url":"https:\/\/palabras-languageschool.com\/wp-content\/uploads\/2024\/05\/Untitled-design1.png","contentUrl":"https:\/\/palabras-languageschool.com\/wp-content\/uploads\/2024\/05\/Untitled-design1.png","width":1200,"height":628,"caption":"Learn Spanish in Las Palmas de Gran Canaria"},"image":{"@id":"https:\/\/palabras-languageschool.com\/#\/schema\/logo\/image\/"},"sameAs":["https:\/\/www.facebook.com\/people\/Palabras-Languageschool\/","https:\/\/www.instagram.com\/palabras.languageschool\/"]}]}},"_links":{"self":[{"href":"https:\/\/palabras-languageschool.com\/de\/wp-json\/wp\/v2\/pages\/4025","targetHints":{"allow":["GET"]}}],"collection":[{"href":"https:\/\/palabras-languageschool.com\/de\/wp-json\/wp\/v2\/pages"}],"about":[{"href":"https:\/\/palabras-languageschool.com\/de\/wp-json\/wp\/v2\/types\/page"}],"author":[{"embeddable":true,"href":"https:\/\/palabras-languageschool.com\/de\/wp-json\/wp\/v2\/users\/1"}],"replies":[{"embeddable":true,"href":"https:\/\/palabras-languageschool.com\/de\/wp-json\/wp\/v2\/comments?post=4025"}],"version-history":[{"count":3,"href":"https:\/\/palabras-languageschool.com\/de\/wp-json\/wp\/v2\/pages\/4025\/revisions"}],"predecessor-version":[{"id":4065,"href":"https:\/\/palabras-languageschool.com\/de\/wp-json\/wp\/v2\/pages\/4025\/revisions\/4065"}],"wp:attachment":[{"href":"https:\/\/palabras-languageschool.com\/de\/wp-json\/wp\/v2\/media?parent=4025"}],"curies":[{"name":"wp","href":"https:\/\/api.w.org\/{rel}","templated":true}]}}