{"id":4032,"date":"2024-03-03T18:27:23","date_gmt":"2024-03-03T18:27:23","guid":{"rendered":"https:\/\/palabras-languageschool.com\/?page_id=4032"},"modified":"2024-05-01T12:39:46","modified_gmt":"2024-05-01T12:39:46","slug":"privacy-policy","status":"publish","type":"page","link":"https:\/\/palabras-languageschool.com\/de\/datenschutzbestimmungen\/","title":{"rendered":"Datenschutzrichtlinie"},"content":{"rendered":"<p><b>Dies ist eine Beispielseite.<\/b><\/p>\r\n\r\n\r\n\r\n<h3>\u00dcbersicht<\/h3>\r\n\r\n\r\n\r\n<p>Unsere Erstattungs- und R\u00fcckgabebestimmungen gelten f\u00fcr 30 Tage. Wenn 30 Tage seit deinem Kauf vergangen sind, k\u00f6nnen wir dir keine volle R\u00fcckerstattung oder einen Umtausch anbieten.<\/p>\r\n\r\n\r\n\r\n<p>Um f\u00fcr eine R\u00fcckgabe in Frage zu kommen, muss dein Artikel unbenutzt sein und sich in demselben Zustand befinden, in dem du ihn erhalten hast. Au\u00dferdem muss er in der Originalverpackung sein.<\/p>\r\n\r\n\r\n\r\n<p>Einige Arten von Waren sind von der R\u00fcckgabe ausgenommen. Verderbliche Waren wie Lebensmittel, Blumen, Zeitungen oder Zeitschriften k\u00f6nnen nicht zur\u00fcckgegeben werden. Au\u00dferdem nehmen wir keine Produkte an, bei denen es sich um Intim- oder Hygieneartikel, Gefahrgut oder brennbare Fl\u00fcssigkeiten oder Gase handelt.<\/p>\r\n\r\n\r\n\r\n<p>Zus\u00e4tzliche Artikel, die nicht zur\u00fcckgegeben werden k\u00f6nnen:<\/p>\r\n\r\n\r\n\r\n<ul class=\"wp-block-list\">\r\n<li>Geschenkkarten<\/li>\r\n<li>Herunterladbare Software-Produkte<\/li>\r\n<li>Einige Gesundheits- und K\u00f6rperpflegeartikel<\/li>\r\n<\/ul>\r\n\r\n\r\n\r\n<p>Um deine R\u00fcckgabe abzuschlie\u00dfen, ben\u00f6tigen wir eine Quittung oder einen Kaufbeleg.<\/p>\r\n\r\n\r\n\r\n<p>Bitte schicke deinen Kauf nicht an den Hersteller zur\u00fcck.<\/p>\r\n\r\n\r\n\r\n<p>Es gibt bestimmte Situationen, in denen nur Teilerstattungen gew\u00e4hrt werden:<\/p>\r\n\r\n\r\n\r\n<ul class=\"wp-block-list\">\r\n<li>Buch mit deutlichen Gebrauchsspuren<\/li>\r\n<li>CD, DVD, VHS-Kassette, Software, Videospiel, Kassette oder Schallplatte, die ge\u00f6ffnet wurde.<\/li>\r\n<li>Jeder Artikel, der sich nicht im Originalzustand befindet, besch\u00e4digt ist oder Teile fehlen, die nicht auf unseren Fehler zur\u00fcckzuf\u00fchren sind.<\/li>\r\n<li>Jeder Artikel, der mehr als 30 Tage nach der Lieferung zur\u00fcckgegeben wird<\/li>\r\n<\/ul>\r\n\r\n\r\n\r\n<h2>Erstattungen<\/h2>\r\n\r\n\r\n\r\n<p>Sobald wir deine R\u00fccksendung erhalten und gepr\u00fcft haben, schicken wir dir eine E-Mail, um dich zu benachrichtigen, dass wir deinen zur\u00fcckgesendeten Artikel erhalten haben. Au\u00dferdem informieren wir dich \u00fcber die Genehmigung oder Ablehnung deiner R\u00fcckerstattung.<\/p>\r\n\r\n\r\n\r\n<p>Wenn du die Genehmigung erh\u00e4ltst, wird deine R\u00fcckerstattung bearbeitet und eine Gutschrift auf deine Kreditkarte oder deine urspr\u00fcngliche Zahlungsmethode wird innerhalb einer bestimmten Anzahl von Tagen automatisch vorgenommen.<\/p>\r\n\r\n\r\n\r\n<p><b>Versp\u00e4tete oder fehlende Erstattungen<\/b><\/p>\r\n\r\n\r\n\r\n<p>Wenn du noch keine R\u00fcckerstattung erhalten hast, \u00fcberpr\u00fcfe zun\u00e4chst noch einmal dein Bankkonto.<\/p>\r\n\r\n\r\n\r\n<p>Dann wende dich an dein Kreditkartenunternehmen. Es kann einige Zeit dauern, bis deine R\u00fcckerstattung offiziell gebucht wird.<\/p>\r\n\r\n\r\n\r\n<p>Wende dich als n\u00e4chstes an deine Bank. Oft dauert es eine Weile, bis eine Erstattung gebucht wird.<\/p>\r\n\r\n\r\n\r\n<p>Wenn du all das getan hast und deine R\u00fcckerstattung immer noch nicht erhalten hast, kontaktiere uns bitte unter {E-Mail-Adresse}.<\/p>\r\n\r\n\r\n\r\n<p><b>Verkauf Artikel<\/b><\/p>\r\n\r\n\r\n\r\n<p>Nur Artikel zum regul\u00e4ren Preis k\u00f6nnen zur\u00fcckerstattet werden. Ausverkaufte Artikel k\u00f6nnen nicht zur\u00fcckerstattet werden.<\/p>\r\n\r\n\r\n\r\n<h2>Tauschb\u00f6rsen<\/h2>\r\n\r\n\r\n\r\n<p>Wir ersetzen Artikel nur, wenn sie defekt oder besch\u00e4digt sind. Wenn du einen Artikel umtauschen m\u00f6chtest, schicke uns eine E-Mail an {E-Mail-Adresse} und sende deinen Artikel an {Physikalische Adresse}: {Physikalische Adresse}.<\/p>\r\n\r\n\r\n\r\n<h2>Geschenke<\/h2>\r\n\r\n\r\n\r\n<p>Wenn der Artikel beim Kauf als Geschenk gekennzeichnet und direkt an dich versandt wurde, erh\u00e4ltst du eine Geschenkgutschrift \u00fcber den Wert deiner R\u00fccksendung. Sobald der zur\u00fcckgesendete Artikel bei uns eingegangen ist, wird dir ein Geschenkgutschein zugeschickt.<\/p>\r\n\r\n\r\n\r\n<p>Wenn der Artikel beim Kauf nicht als Geschenk gekennzeichnet war oder der\/die Schenkende die Bestellung an sich selbst geschickt hat, um sie dir sp\u00e4ter zu schenken, schicken wir eine R\u00fcckerstattung an den\/die Schenkende\/n und er\/sie erf\u00e4hrt von deiner R\u00fcckgabe.<\/p>\r\n\r\n\r\n\r\n<h2>Versandr\u00fcckl\u00e4ufer<\/h2>\r\n\r\n\r\n\r\n<p>Wenn du dein Produkt zur\u00fcckgeben m\u00f6chtest, schicke es an folgende Adresse: {Physikalische Adresse}.<\/p>\r\n\r\n\r\n\r\n<p>Du musst die Versandkosten f\u00fcr die R\u00fccksendung deines Artikels selbst tragen. Die Versandkosten sind nicht erstattungsf\u00e4hig. Wenn du eine R\u00fcckerstattung erh\u00e4ltst, werden die Kosten f\u00fcr den R\u00fcckversand von deiner R\u00fcckerstattung abgezogen.<\/p>\r\n\r\n\r\n\r\n<p>Je nachdem, wo du wohnst, kann es unterschiedlich lange dauern, bis dein ausgetauschtes Produkt bei dir ankommt.<\/p>\r\n\r\n\r\n\r\n<p>Wenn du teurere Artikel zur\u00fcckschickst, solltest du einen verfolgbaren Versanddienst nutzen oder eine Versandversicherung abschlie\u00dfen. Wir k\u00f6nnen nicht garantieren, dass wir deinen zur\u00fcckgesendeten Artikel erhalten.<\/p>\r\n\r\n\r\n\r\n<h2>Brauchst du Hilfe?<\/h2>\r\n\r\n\r\n\r\n<p>Kontaktiere uns unter {email}, wenn du Fragen zur R\u00fcckerstattung und R\u00fcckgabe hast.<\/p>","protected":false},"excerpt":{"rendered":"<p>Dies ist eine Beispielseite. \u00dcbersicht Unsere R\u00fcckerstattungs- und R\u00fcckgabebestimmungen gelten f\u00fcr 30 Tage. Wenn seit deinem Kauf 30 Tage vergangen sind, k\u00f6nnen wir dir keine volle R\u00fcckerstattung oder keinen Umtausch anbieten. Um f\u00fcr eine R\u00fcckgabe in Frage zu kommen, muss dein Artikel unbenutzt sein und sich in demselben Zustand befinden, in dem du ihn erhalten hast. Er muss au\u00dferdem...<\/p>","protected":false},"author":1,"featured_media":0,"parent":0,"menu_order":11,"comment_status":"closed","ping_status":"closed","template":"","meta":{"_monsterinsights_skip_tracking":false,"_monsterinsights_sitenote_active":false,"_monsterinsights_sitenote_note":"","_monsterinsights_sitenote_category":0,"footnotes":""},"class_list":["post-4032","page","type-page","status-publish","hentry"],"yoast_head":"<!-- This site is optimized with the Yoast SEO plugin v22.6 - https:\/\/yoast.com\/wordpress\/plugins\/seo\/ -->\n<title>Privacy Policy - Palabras Language School<\/title>\n<meta name=\"robots\" content=\"index, follow, max-snippet:-1, max-image-preview:large, max-video-preview:-1\" \/>\n<link rel=\"canonical\" href=\"https:\/\/palabras-languageschool.com\/de\/datenschutzbestimmungen\/\" \/>\n<meta property=\"og:locale\" content=\"de_DE\" \/>\n<meta property=\"og:type\" content=\"article\" \/>\n<meta property=\"og:title\" content=\"Privacy Policy - Palabras Language School\" \/>\n<meta property=\"og:description\" content=\"This is a sample page. Overview Our refund and returns policy lasts 30 days. If 30 days have passed since your purchase, we can\u2019t offer you a full refund or exchange. To be eligible for a return, your item must be unused and in the same condition that you received it. It must also be...\" \/>\n<meta property=\"og:url\" content=\"https:\/\/palabras-languageschool.com\/de\/datenschutzbestimmungen\/\" \/>\n<meta property=\"og:site_name\" content=\"Palabras Language School\" \/>\n<meta property=\"article:publisher\" content=\"https:\/\/www.facebook.com\/people\/Palabras-Languageschool\/\" \/>\n<meta property=\"article:modified_time\" content=\"2024-05-01T12:39:46+00:00\" \/>\n<meta name=\"twitter:card\" content=\"summary_large_image\" \/>\n<meta name=\"twitter:label1\" content=\"Gesch\u00e4tzte Lesezeit\" \/>\n\t<meta name=\"twitter:data1\" content=\"3\u00a0Minuten\" \/>\n<script type=\"application\/ld+json\" class=\"yoast-schema-graph\">{\"@context\":\"https:\/\/schema.org\",\"@graph\":[{\"@type\":\"WebPage\",\"@id\":\"https:\/\/palabras-languageschool.com\/privacy-policy\/\",\"url\":\"https:\/\/palabras-languageschool.com\/privacy-policy\/\",\"name\":\"Privacy Policy - Palabras Language School\",\"isPartOf\":{\"@id\":\"https:\/\/palabras-languageschool.com\/#website\"},\"datePublished\":\"2024-03-03T18:27:23+00:00\",\"dateModified\":\"2024-05-01T12:39:46+00:00\",\"breadcrumb\":{\"@id\":\"https:\/\/palabras-languageschool.com\/privacy-policy\/#breadcrumb\"},\"inLanguage\":\"de\",\"potentialAction\":[{\"@type\":\"ReadAction\",\"target\":[\"https:\/\/palabras-languageschool.com\/privacy-policy\/\"]}]},{\"@type\":\"BreadcrumbList\",\"@id\":\"https:\/\/palabras-languageschool.com\/privacy-policy\/#breadcrumb\",\"itemListElement\":[{\"@type\":\"ListItem\",\"position\":1,\"name\":\"Home\",\"item\":\"https:\/\/palabras-languageschool.com\/\"},{\"@type\":\"ListItem\",\"position\":2,\"name\":\"Privacy Policy\"}]},{\"@type\":\"WebSite\",\"@id\":\"https:\/\/palabras-languageschool.com\/#website\",\"url\":\"https:\/\/palabras-languageschool.com\/\",\"name\":\"Palabras Language School\",\"description\":\"\",\"publisher\":{\"@id\":\"https:\/\/palabras-languageschool.com\/#organization\"},\"alternateName\":\"Learn Spanish in Las Palmas\",\"potentialAction\":[{\"@type\":\"SearchAction\",\"target\":{\"@type\":\"EntryPoint\",\"urlTemplate\":\"https:\/\/palabras-languageschool.com\/?s={search_term_string}\"},\"query-input\":\"required name=search_term_string\"}],\"inLanguage\":\"de\"},{\"@type\":\"Organization\",\"@id\":\"https:\/\/palabras-languageschool.com\/#organization\",\"name\":\"Learn Spanish in Las Palmas de Gran Canaria\",\"alternateName\":\"Spanish School Gran Canaria\",\"url\":\"https:\/\/palabras-languageschool.com\/\",\"logo\":{\"@type\":\"ImageObject\",\"inLanguage\":\"de\",\"@id\":\"https:\/\/palabras-languageschool.com\/#\/schema\/logo\/image\/\",\"url\":\"https:\/\/palabras-languageschool.com\/wp-content\/uploads\/2024\/05\/Untitled-design1.png\",\"contentUrl\":\"https:\/\/palabras-languageschool.com\/wp-content\/uploads\/2024\/05\/Untitled-design1.png\",\"width\":1200,\"height\":628,\"caption\":\"Learn Spanish in Las Palmas de Gran Canaria\"},\"image\":{\"@id\":\"https:\/\/palabras-languageschool.com\/#\/schema\/logo\/image\/\"},\"sameAs\":[\"https:\/\/www.facebook.com\/people\/Palabras-Languageschool\/\",\"https:\/\/www.instagram.com\/palabras.languageschool\/\"]}]}<\/script>\n<!-- \/ Yoast SEO plugin. -->","yoast_head_json":{"title":"Privacy Policy - Palabras Language School","robots":{"index":"index","follow":"follow","max-snippet":"max-snippet:-1","max-image-preview":"max-image-preview:large","max-video-preview":"max-video-preview:-1"},"canonical":"https:\/\/palabras-languageschool.com\/de\/datenschutzbestimmungen\/","og_locale":"de_DE","og_type":"article","og_title":"Privacy Policy - Palabras Language School","og_description":"This is a sample page. Overview Our refund and returns policy lasts 30 days. If 30 days have passed since your purchase, we can\u2019t offer you a full refund or exchange. To be eligible for a return, your item must be unused and in the same condition that you received it. It must also be...","og_url":"https:\/\/palabras-languageschool.com\/de\/datenschutzbestimmungen\/","og_site_name":"Palabras Language School","article_publisher":"https:\/\/www.facebook.com\/people\/Palabras-Languageschool\/","article_modified_time":"2024-05-01T12:39:46+00:00","twitter_card":"summary_large_image","twitter_misc":{"Gesch\u00e4tzte Lesezeit":"3\u00a0Minuten"},"schema":{"@context":"https:\/\/schema.org","@graph":[{"@type":"WebPage","@id":"https:\/\/palabras-languageschool.com\/privacy-policy\/","url":"https:\/\/palabras-languageschool.com\/privacy-policy\/","name":"Privacy Policy - Palabras Language School","isPartOf":{"@id":"https:\/\/palabras-languageschool.com\/#website"},"datePublished":"2024-03-03T18:27:23+00:00","dateModified":"2024-05-01T12:39:46+00:00","breadcrumb":{"@id":"https:\/\/palabras-languageschool.com\/privacy-policy\/#breadcrumb"},"inLanguage":"de","potentialAction":[{"@type":"ReadAction","target":["https:\/\/palabras-languageschool.com\/privacy-policy\/"]}]},{"@type":"BreadcrumbList","@id":"https:\/\/palabras-languageschool.com\/privacy-policy\/#breadcrumb","itemListElement":[{"@type":"ListItem","position":1,"name":"Home","item":"https:\/\/palabras-languageschool.com\/"},{"@type":"ListItem","position":2,"name":"Privacy Policy"}]},{"@type":"WebSite","@id":"https:\/\/palabras-languageschool.com\/#website","url":"https:\/\/palabras-languageschool.com\/","name":"Palabras Language School","description":"","publisher":{"@id":"https:\/\/palabras-languageschool.com\/#organization"},"alternateName":"Learn Spanish in Las Palmas","potentialAction":[{"@type":"SearchAction","target":{"@type":"EntryPoint","urlTemplate":"https:\/\/palabras-languageschool.com\/?s={search_term_string}"},"query-input":"required name=search_term_string"}],"inLanguage":"de"},{"@type":"Organization","@id":"https:\/\/palabras-languageschool.com\/#organization","name":"Learn Spanish in Las Palmas de Gran Canaria","alternateName":"Spanish School Gran Canaria","url":"https:\/\/palabras-languageschool.com\/","logo":{"@type":"ImageObject","inLanguage":"de","@id":"https:\/\/palabras-languageschool.com\/#\/schema\/logo\/image\/","url":"https:\/\/palabras-languageschool.com\/wp-content\/uploads\/2024\/05\/Untitled-design1.png","contentUrl":"https:\/\/palabras-languageschool.com\/wp-content\/uploads\/2024\/05\/Untitled-design1.png","width":1200,"height":628,"caption":"Learn Spanish in Las Palmas de Gran Canaria"},"image":{"@id":"https:\/\/palabras-languageschool.com\/#\/schema\/logo\/image\/"},"sameAs":["https:\/\/www.facebook.com\/people\/Palabras-Languageschool\/","https:\/\/www.instagram.com\/palabras.languageschool\/"]}]}},"_links":{"self":[{"href":"https:\/\/palabras-languageschool.com\/de\/wp-json\/wp\/v2\/pages\/4032","targetHints":{"allow":["GET"]}}],"collection":[{"href":"https:\/\/palabras-languageschool.com\/de\/wp-json\/wp\/v2\/pages"}],"about":[{"href":"https:\/\/palabras-languageschool.com\/de\/wp-json\/wp\/v2\/types\/page"}],"author":[{"embeddable":true,"href":"https:\/\/palabras-languageschool.com\/de\/wp-json\/wp\/v2\/users\/1"}],"replies":[{"embeddable":true,"href":"https:\/\/palabras-languageschool.com\/de\/wp-json\/wp\/v2\/comments?post=4032"}],"version-history":[{"count":1,"href":"https:\/\/palabras-languageschool.com\/de\/wp-json\/wp\/v2\/pages\/4032\/revisions"}],"predecessor-version":[{"id":4033,"href":"https:\/\/palabras-languageschool.com\/de\/wp-json\/wp\/v2\/pages\/4032\/revisions\/4033"}],"wp:attachment":[{"href":"https:\/\/palabras-languageschool.com\/de\/wp-json\/wp\/v2\/media?parent=4032"}],"curies":[{"name":"wp","href":"https:\/\/api.w.org\/{rel}","templated":true}]}}