{"id":4025,"date":"2024-03-03T18:20:36","date_gmt":"2024-03-03T18:20:36","guid":{"rendered":"https:\/\/palabras-languageschool.com\/?page_id=4025"},"modified":"2024-05-01T12:39:30","modified_gmt":"2024-05-01T12:39:30","slug":"imprint-and-legal","status":"publish","type":"page","link":"https:\/\/palabras-languageschool.com\/it\/impronta-e-legale\/","title":{"rendered":"Impronte e leggi"},"content":{"rendered":"<p class=\"lead\"><strong>Definizioni<\/strong><\/p>\r\n<p class=\"lead\">Da questo momento in poi, la Scuola di Lingue Palabras sar\u00e0 indicata come \"la scuola\". Lo studente\" \u00e8 la persona a nome della quale viene effettuata la prenotazione.\u00a0\u00a0\u00a0\u00a0\u00a0\u00a0\u00a0\u00a0<br \/><br \/><strong>Il presente Accordo\u00a0<\/strong>\u00a0\u00a0\u00a0<\/p>\r\n<p class=\"lead\">Il presente accordo \u00e8 legalmente vincolante una volta che la scuola ha ricevuto il pagamento totale o parziale del corso e\/o dell'alloggio da parte dello studente. A questo accordo si applicano le leggi spagnole.\u00a0\u00a0\u00a0\u00a0\u00a0\u00a0\u00a0\u00a0\u00a0\u00a0<br \/><br \/><strong>Pagamento\u00a0<\/strong>\u00a0\u00a0\u00a0\u00a0\u00a0\u00a0\u00a0\u00a0<\/p>\r\n<p class=\"lead\">La quota di iscrizione al corso e all'alloggio deve essere versata entro e non oltre 4 settimane prima dell'inizio del corso. Se il resto della quota non viene ricevuto 4 settimane prima dell'inizio del corso, la scuola si riserva il diritto di cancellare il corso (e l'alloggio) prenotato. Il pagamento completo \u00e8 richiesto al momento della prenotazione per tutte le prenotazioni. Il pagamento completo \u00e8 richiesto anche agli studenti in possesso di un visto, affinch\u00e9 possano ricevere dalla scuola i documenti necessari per il consolato.\u00a0\u00a0\u00a0\u00a0\u00a0\u00a0\u00a0\u00a0\u00a0\u00a0<br \/>La scuola si riserva il diritto di modificare i prezzi.\u00a0\u00a0 <br \/>\u00a0\u00a0\u00a0\u00a0\u00a0\u00a0\u00a0\u00a0\u00a0\u00a0<br \/>Lo studente \u00e8 responsabile di garantire che il pagamento venga ricevuto interamente dalla scuola, senza che le spese bancarie debbano essere pagate dalla scuola.\u00a0\u00a0\u00a0\u00a0\u00a0\u00a0\u00a0\u00a0\u00a0\u00a0<br \/><br \/><strong>Metodi di pagamento\u00a0<\/strong>\u00a0\u00a0\u00a0\u00a0\u00a0\u00a0\u00a0\u00a0<\/p>\r\n<p class=\"lead\"><br \/>Carta di credito\/debito<br \/>La scuola accetta pagamenti con carte di credito e carte di debito Visa, MasterCard e American Express.\u00a0\u00a0\u00a0\u00a0\u00a0\u00a0\u00a0\u00a0\u00a0\u00a0<br \/>\u202f\u00a0\u00a0\u00a0\u00a0\u00a0\u00a0\u00a0\u00a0\u00a0\u00a0<br \/>Bonifico bancario\u00a0\u00a0\u00a0\u00a0\u00a0\u00a0\u00a0\u00a0\u00a0\u00a0<br \/>\u00c8 possibile scegliere di pagare tramite bonifico bancario. La scuola dovrebbe ricevere l'intero importo richiesto, in euro, senza spese bancarie. Se le spese bancarie devono essere pagate dalla scuola al momento della ricezione del bonifico, tali spese saranno aggiunte alla fattura dello studente. Una volta inviato il bonifico bancario, lo studente deve informare la scuola, inviando una copia del bonifico per posta o per e-mail. Le coordinate bancarie della scuola sono:\u00a0\u00a0\u00a0\u00a0\u00a0\u00a0\u00a0\u00a0\u00a0\u00a0<br \/>\u00a0\u00a0\u00a0\u00a0\u00a0\u00a0\u00a0\u00a0\u00a0\u00a0<br \/>Nome del conto: SMART INNOVATIVE EDUCATION \u00a0\u00a0\u00a0\u00a0\u00a0\u00a0\u00a0\u00a0 \u00a0\u00a0\u00a0\u00a0\u00a0 <br \/>IBAN: ES77 0182 2931 1102 0170 0560 \u00a0\u00a0\u00a0\u00a0\u00a0\u00a0 <br \/>SWIFT:\u00a0\u00a0\u00a0\u00a0\u00a0\u00a0\u00a0\u00a0\u00a0\u00a0 <br \/>Banca: Banco Bilbao Vizcaya Argentaria (BBVA) \u00a0\u00a0\u00a0\u00a0\u00a0\u00a0 \u00a0\u00a0\u00a0\u00a0\u00a0\u00a0\u00a0\u00a0\u00a0 <br \/>\u00a0\u00a0\u00a0\u00a0\u00a0\u00a0\u00a0\u00a0\u00a0\u00a0<br \/><strong>Modifiche alla prenotazione\u00a0<\/strong>\u00a0\u00a0\u00a0\u00a0\u00a0\u00a0\u00a0\u00a0<\/p>\r\n<p class=\"lead\"><br \/>La scuola pu\u00f2 accettare modifiche alla prenotazione (cambio di date, durata, tipo di corso o alloggio ecc.) richieste dallo studente in base alla disponibilit\u00e0. La scuola deve ricevere tali richieste per iscritto entro 30 giorni prima dell'inizio del corso e verr\u00e0 addebitata una tassa di modifica di 100 euro. <br \/>\u00a0\u00a0\u00a0\u00a0\u00a0\u00a0\u00a0\u00a0\u00a0\u00a0<br \/>Se il corso prenotato non \u00e8 disponibile per lo studente a causa della mancanza di disponibilit\u00e0 di corsi per il suo livello di spagnolo, la scuola offrir\u00e0 un corso alternativo dello stesso valore.\u00a0\u00a0\u00a0\u00a0\u00a0\u00a0\u00a0\u00a0\u00a0\u00a0<br \/><br \/><strong>Lezioni perse\u00a0<\/strong>\u00a0\u00a0\u00a0\u00a0\u00a0\u00a0\u00a0\u00a0<\/p>\r\n<p class=\"lead\"><br \/>Se lo studente non pu\u00f2 frequentare le lezioni individuali o di gruppo previste, la scuola deve essere informata per iscritto almeno il venerd\u00ec prima della lezione. Non \u00e8 possibile recuperare singole lezioni o giornate di corsi di gruppo perse. Per questi casi e per le assenze imprevedibili, la scuola offre una lezione virtuale. In caso di assenze prevedibili, \u00e8 possibile prendere una pausa dalle lezioni per un numero qualsiasi di settimane intere (dal luned\u00ec al venerd\u00ec).\u00a0\u00a0\u00a0\u00a0\u00a0\u00a0\u00a0\u00a0 <br \/><br \/><strong>Attivit\u00e0 ed escursioni\u00a0<\/strong>\u00a0\u00a0\u00a0\u00a0\u00a0\u00a0\u00a0\u00a0<\/p>\r\n<p class=\"lead\"><br \/>Le informazioni generali sulle attivit\u00e0 e le escursioni offerte dalla scuola devono essere utilizzate solo come guida e non come elenco accurato degli eventi. La scuola si riserva il diritto di modificare il programma delle attivit\u00e0.\u00a0\u00a0\u00a0\u00a0\u00a0\u00a0\u00a0\u00a0\u00a0\u00a0<br \/><br \/><strong>Studenti senza visto<\/strong>\u00a0\u00a0\u00a0\u00a0\u00a0\u00a0\u00a0\u00a0\u00a0<br \/><strong>Politica di cancellazione\u00a0<\/strong>\u00a0\u00a0\u00a0\u00a0\u00a0\u00a0\u00a0\u00a0<\/p>\r\n<p class=\"lead\"><br \/>La politica di rimborso della scuola \u00e8 conforme alla legge spagnola vigente in materia di rimborsi nel settore dei viaggi. A seconda del motivo della cancellazione si applicheranno le seguenti politiche:\u00a0\u00a0\u00a0\u00a0\u00a0\u00a0\u00a0\u00a0\u00a0\u00a0<br \/>\u00a0\u00a0\u00a0\u00a0\u00a0\u00a0\u00a0\u00a0\u00a0\u00a0<br \/>1) Nel caso in cui si voglia annullare il corso e l'alloggio per motivi personali, si applicher\u00e0 quanto segue:\u00a0\u00a0\u00a0\u00a0\u00a0\u00a0\u00a0\u00a0\u00a0\u00a0<br \/>Cancellazione fino a 30 giorni prima dell'inizio del corso: nessun costo di cancellazione;\u00a0\u00a0\u00a0\u00a0\u00a0\u00a0\u00a0\u00a0\u00a0\u00a0<br \/>annullamento da 29 a 14 giorni prima dell'inizio del corso: perdita della quota di iscrizione (50 euro) pi\u00f9 50% della quota del corso e 50% della quota di alloggio;\u00a0\u00a0\u00a0\u00a0\u00a0\u00a0\u00a0\u00a0\u00a0\u00a0<br \/>annullamento da 13 a 7 giorni prima dell'inizio del corso: perdita della quota di iscrizione (50 euro) pi\u00f9 75% della quota del corso e 75% della quota di alloggio;\u00a0\u00a0\u00a0\u00a0\u00a0\u00a0\u00a0\u00a0\u00a0\u00a0<br \/>annullamento a meno di 7 giorni dall'inizio del corso: perdita della quota di iscrizione (50 euro) pi\u00f9 il 100% della retta e dell'alloggio, e la perdita di eventuali servizi aggiuntivi contrattati. \u00a0\u00a0\u00a0\u00a0\u00a0\u00a0\u00a0 <br \/>\u00a0\u00a0\u00a0\u00a0\u00a0\u00a0\u00a0\u00a0\u00a0\u00a0<br \/>Non \u00e8 previsto alcun rimborso dopo il giorno di inizio del corso e\/o dell'alloggio.\u00a0\u00a0\u00a0\u00a0\u00a0\u00a0\u00a0\u00a0\u00a0\u00a0<br \/>\u00a0\u00a0\u00a0\u00a0\u00a0\u00a0\u00a0\u00a0\u00a0\u00a0<br \/>La scuola rimborser\u00e0 le tasse in base alla politica di cui sopra su un conto bancario indicato dallo studente. Non \u00e8 responsabilit\u00e0 della scuola se lo studente fornisce dati bancari errati e la scuola non emetter\u00e0 un altro rimborso in questo caso.\u00a0\u00a0\u00a0\u00a0\u00a0\u00a0\u00a0\u00a0\u00a0\u00a0<br \/>\u00a0<\/p>\r\n<p class=\"lead MsoNormal\"><span lang=\"EN-US\"><strong>Nota:<\/strong> le condizioni di cui sopra si applicano ai nostri alloggi condivisi anche nel caso in cui uno o pi\u00f9 studenti dello stesso appartamento condiviso si infettino con la Covid-19. La scuola non potr\u00e0 cancellare o offrire alcun rimborso per l'alloggio se voi e\/o uno dei vostri coinquilini risultate positivi al Covid-19 durante il vostro soggiorno.<\/span>\u00a0\u00a0\u00a0\u00a0<br \/><br \/><strong>Studenti con visto<\/strong>\u00a0\u00a0\u00a0\u00a0\u00a0\u00a0\u00a0\u00a0\u00a0<br \/><strong>Modifiche alla prenotazione<\/strong>\u00a0\u00a0\u00a0\u00a0\u00a0\u00a0\u00a0\u00a0<\/p>\r\n<p class=\"lead\"><br \/>Una volta che i documenti di supporto al visto (lettera di iscrizione, piano di studi e ricevuta di pagamento) sono stati inviati allo studente, il tipo di corso di spagnolo prenotato e la sua durata non possono essere modificati. La data di inizio pu\u00f2 essere cambiata e verranno emessi nuovi documenti di supporto per il visto in caso di ricorso dopo un rifiuto del visto e nel caso in cui si riesca a ottenere un appuntamento in ambasciata solo dopo la data di inizio del corso.\u00a0\u00a0\u00a0\u00a0\u00a0\u00a0\u00a0\u00a0\u00a0\u00a0<br \/>Una volta ottenuto il visto per studenti, la data di inizio e di fine del programma non pu\u00f2 essere modificata. Se lo studente inizia a frequentare le lezioni pi\u00f9 tardi del previsto.<br \/><br \/><strong>Politica di cancellazione<\/strong><\/p>\r\n<p class=\"lead\"><br \/>La politica di rimborso della scuola \u00e8 conforme alla legge spagnola vigente in materia di rimborsi nel settore dei viaggi. A seconda del motivo della cancellazione del programma, si applicheranno le seguenti politiche di cancellazione:\u00a0\u00a0\u00a0\u00a0\u00a0\u00a0\u00a0\u00a0\u00a0\u00a0<br \/>\u00a0\u00a0\u00a0\u00a0\u00a0\u00a0\u00a0\u00a0\u00a0\u00a0<br \/>1) Nel caso in cui lo studente riceva un rifiuto del visto:\u00a0\u00a0\u00a0\u00a0\u00a0\u00a0\u00a0\u00a0\u00a0\u00a0<br \/>Lo studente deve inviare alla scuola una lettera ufficiale di rifiuto da parte del consolato spagnolo e confermare se vuole fare ricorso o richiedere un rimborso.\u00a0\u00a0\u00a0\u00a0\u00a0\u00a0\u00a0\u00a0\u00a0\u00a0\u00a0\u00a0\u00a0\u00a0 <br \/>Se lo studente sceglie di richiedere un rimborso, la scuola gli rimborser\u00e0 il totale delle tasse pagate.<br \/>\u00a0\u00a0\u00a0\u00a0\u00a0\u00a0\u00a0\u00a0\u00a0\u00a0<br \/>2) In caso di cancellazione per motivi personali:\u00a0\u00a0\u00a0\u00a0\u00a0\u00a0\u00a0\u00a0\u00a0\u00a0<br \/>Se lo studente ha ricevuto il visto per studenti con successo, dovr\u00e0 cancellarlo contattando l'ambasciata o il consolato spagnolo che ha rilasciato il visto. Dopo la cancellazione del visto, lo studente dovr\u00e0 inviare la notifica di cancellazione alla scuola via e-mail per ricevere il rimborso. Si applicheranno le seguenti condizioni di rimborso:\u00a0\u00a0\u00a0\u00a0\u00a0\u00a0\u00a0\u00a0\u00a0\u00a0<br \/>cancellazione fino a 30 giorni prima dell'inizio del corso: nessun costo di cancellazione;\u00a0\u00a0\u00a0\u00a0\u00a0\u00a0\u00a0\u00a0\u00a0\u00a0<br \/>annullamento da 29 a 14 giorni prima dell'inizio del corso: perdita della quota di iscrizione (50 euro) pi\u00f9 50% della quota del corso e 50% della quota di alloggio;\u00a0\u00a0\u00a0\u00a0\u00a0\u00a0\u00a0\u00a0\u00a0\u00a0<br \/>annullamento da 13 a 7 giorni prima dell'inizio del corso: perdita della quota di iscrizione (50 euro) pi\u00f9 75% della quota del corso e 75% della quota di alloggio;\u00a0\u00a0\u00a0\u00a0\u00a0\u00a0\u00a0\u00a0\u00a0\u00a0<br \/>annullamento a meno di 7 giorni dall'inizio del corso: perdita della quota di iscrizione (50 euro) pi\u00f9 il 100% della retta e dell'alloggio, oltre alla perdita di eventuali servizi aggiuntivi contrattati, come i trasferimenti aeroportuali.\u00a0\u00a0\u00a0\u00a0\u00a0\u00a0\u00a0\u00a0\u00a0\u00a0<br \/>Non \u00e8 previsto alcun rimborso dopo il giorno in cui \u00e8 previsto l'inizio del corso e\/o dell'alloggio.\u00a0\u00a0\u00a0\u00a0\u00a0\u00a0\u00a0\u00a0\u00a0\u00a0<br \/>\u00a0\u00a0\u00a0\u00a0\u00a0\u00a0\u00a0\u00a0\u00a0\u00a0<br \/>Se lo studente non ha ancora ricevuto i documenti di supporto per il visto dalla scuola, deve solo inviare la notifica di cancellazione alla scuola e si applicheranno le stesse condizioni di rimborso.\u00a0\u00a0\u00a0\u00a0\u00a0\u00a0\u00a0\u00a0\u00a0\u00a0<br \/><br \/>Nel caso in cui lo studente voglia cancellare il corso (e l'alloggio se prenotato) dopo aver ricevuto i documenti per la richiesta del visto dalla scuola, ma senza averli utilizzati per la richiesta del visto, dovr\u00e0 sottoporsi a una procedura legale per garantire in nome della legge che non utilizzer\u00e0 i documenti ricevuti dalla scuola per la richiesta del visto, e inoltre dovr\u00e0 coprire tutte le spese aggiuntive che la scuola potrebbe sostenere per concludere tale procedura. In seguito la scuola potr\u00e0 rimborsare allo studente l'importo pagato per il corso di spagnolo (e l'alloggio se prenotato), ad eccezione di 190 euro di tassa di cancellazione che la scuola tratterr\u00e0.\u00a0\u00a0\u00a0\u00a0\u00a0\u00a0\u00a0\u00a0\u00a0\u00a0<br \/><br \/>Non \u00e8 possibile emettere un rimborso una volta che lo studente riceve il visto e arriva in Spagna.\u00a0\u00a0\u00a0\u00a0\u00a0\u00a0\u00a0\u00a0\u00a0\u00a0<br \/>\u00a0\u00a0\u00a0\u00a0\u00a0\u00a0\u00a0\u00a0\u00a0\u00a0<br \/>La scuola rimborser\u00e0 le tasse in base alla politica di cui sopra su un conto bancario indicato dallo studente. Non \u00e8 responsabilit\u00e0 della scuola se lo studente fornisce dati bancari errati e la scuola non emetter\u00e0 un altro rimborso in questo caso.\u00a0\u00a0\u00a0<\/p>\r\n<p class=\"lead MsoNormal\"><br \/><strong>Viaggi, documenti di supporto per i visti\u00a0<\/strong>\u00a0\u00a0\u00a0\u00a0\u00a0\u00a0\u00a0\u00a0<\/p>\r\n<p class=\"lead\"><br \/>Gli studenti devono provvedere autonomamente all'organizzazione del viaggio e sono responsabili dell'ottenimento di tutti i documenti di viaggio necessari, come un passaporto valido e un visto. La scuola fornir\u00e0 agli studenti la documentazione necessaria per ottenere un visto, se necessario, ma non \u00e8 responsabile della decisione dell'autorit\u00e0 consolare di accettare o rifiutare una richiesta di visto. \u00c8 responsabilit\u00e0 dello studente prevedere un tempo sufficiente per l'ottenimento del visto e dovrebbe verificare con l'autorit\u00e0 consolare del proprio Paese una stima del tempo necessario per completare la procedura di richiesta del visto. Se uno studente chiede alla scuola di inviargli la documentazione tramite corriere\/consegna rapida (e non tramite e-mail o posta normale), gli verr\u00e0 addebitato il costo di tale servizio di consegna rapida\/corriere.\u00a0\u00a0\u00a0\u00a0\u00a0\u00a0\u00a0\u00a0\u00a0 <br \/>\u202f\u00a0\u00a0\u00a0\u00a0\u00a0\u00a0\u00a0\u00a0\u00a0\u00a0<br \/><strong>Le aspettative della scuola<\/strong><\/p>\r\n<p class=\"lead\"><br \/>Gli studenti e gli accompagnatori sono tenuti a comportarsi in modo cortese e a rispettare gli altri studenti e il personale della scuola, nonch\u00e9 le persone con cui condividono l'alloggio. L'uso illegale di droghe, l'abuso di alcol, il comportamento sconsiderato o offensivo nei confronti degli altri sono considerati inaccettabili. La scuola si riserva il diritto di rifiutare i corsi e gli alloggi agli studenti che violano le regole della scuola o che si comportano in modo sconsiderato o offensivo nei confronti degli altri. La scuola si riserva il diritto di interrompere il corso e\/o l'alloggio di qualsiasi studente che violi i termini di questo articolo. In tali circostanze, non verr\u00e0 corrisposto alcun rimborso per il corso o per l'alloggio.<br \/>\u202f<br \/><strong>Accuratezza delle informazioni fornite\u00a0<\/strong><\/p>\r\n<p class=\"lead\"><br \/>Sebbene sia stato fatto ogni sforzo per garantire l'accuratezza delle informazioni contenute nella documentazione e nei siti web della scuola, quest'ultima non si assume alcuna responsabilit\u00e0 per errori di stampa\/traduzione o omissioni. La scuola vi chiede pertanto di discutere qualsiasi dettaglio di particolare importanza per voi prima di effettuare la prenotazione. Per qualsiasi domanda sui Termini e Condizioni della scuola, non esitate a contattarci a:\u00a0\u00a0\u00a0\u00a0\u00a0\u00a0\u00a0\u00a0\u00a0\u00a0<br \/>\u00a0\u00a0\u00a0\u00a0\u00a0\u00a0\u00a0\u00a0\u00a0\u00a0<br \/>Scuola di lingue Palabras - Istruzione innovativa intelligente SL \u00a0\u00a0\u00a0\u00a0\u00a0\u00a0\u00a0 <br \/>Calle Antonio Mar\u00eda Manrique 3 \u00a0\u00a0\u00a0\u00a0\u00a0\u00a0 <br \/>35011<br \/>Las Palmas de Gran canaria \u00a0\u00a0\u00a0\u00a0 <br \/>Spagna\u00a0\u00a0\u00a0\u00a0\u00a0\u00a0\u00a0\u00a0\u00a0\u00a0<br \/>Telefono: 0034 672 279 001 \u00a0\u00a0\u00a0\u00a0\u00a0\u00a0\u00a0\u00a0 \u00a0\u00a0\u00a0\u00a0 <br \/>Email: hola@palabras-languageschool.com\u00a0<\/p>","protected":false},"excerpt":{"rendered":"<p>Definizioni La scuola di lingue Palabras sar\u00e0 indicata come \"la scuola\" da questo momento in poi. Lo studente\" \u00e8 la persona a nome della quale viene effettuata la prenotazione.         Il presente accordo \u00e8 legalmente vincolante una volta che la scuola ha ricevuto il pagamento totale o parziale del corso e\/o dell'alloggio da parte dello studente. Le leggi spagnole...<\/p>","protected":false},"author":1,"featured_media":0,"parent":0,"menu_order":10,"comment_status":"closed","ping_status":"closed","template":"","meta":{"_monsterinsights_skip_tracking":false,"_monsterinsights_sitenote_active":false,"_monsterinsights_sitenote_note":"","_monsterinsights_sitenote_category":0,"footnotes":""},"class_list":["post-4025","page","type-page","status-publish","hentry"],"yoast_head":"<!-- This site is optimized with the Yoast SEO plugin v22.6 - https:\/\/yoast.com\/wordpress\/plugins\/seo\/ -->\n<title>Imprint and Legal - Palabras Language School<\/title>\n<meta name=\"robots\" content=\"index, follow, max-snippet:-1, max-image-preview:large, max-video-preview:-1\" \/>\n<link rel=\"canonical\" href=\"https:\/\/palabras-languageschool.com\/it\/impronta-e-legale\/\" \/>\n<meta property=\"og:locale\" content=\"it_IT\" \/>\n<meta property=\"og:type\" content=\"article\" \/>\n<meta property=\"og:title\" content=\"Imprint and Legal - Palabras Language School\" \/>\n<meta property=\"og:description\" content=\"Definitions Palabras Language School shall be referred to as \u2018the school\u2019 from this point onwards. &#8216;The student&#8217; is the person in whose name the booking is made.\u00a0\u00a0\u00a0\u00a0\u00a0\u00a0\u00a0\u00a0 This Agreement\u00a0\u00a0\u00a0\u00a0 This agreement is legally binding once the school has received full or partial payment for a course and\/or accommodation from a student. The laws of Spain...\" \/>\n<meta property=\"og:url\" content=\"https:\/\/palabras-languageschool.com\/it\/impronta-e-legale\/\" \/>\n<meta property=\"og:site_name\" content=\"Palabras Language School\" \/>\n<meta property=\"article:publisher\" content=\"https:\/\/www.facebook.com\/people\/Palabras-Languageschool\/\" \/>\n<meta property=\"article:modified_time\" content=\"2024-05-01T12:39:30+00:00\" \/>\n<meta name=\"twitter:card\" content=\"summary_large_image\" \/>\n<meta name=\"twitter:label1\" content=\"Tempo di lettura stimato\" \/>\n\t<meta name=\"twitter:data1\" content=\"9 minuti\" \/>\n<script type=\"application\/ld+json\" class=\"yoast-schema-graph\">{\"@context\":\"https:\/\/schema.org\",\"@graph\":[{\"@type\":\"WebPage\",\"@id\":\"https:\/\/palabras-languageschool.com\/imprint-and-legal\/\",\"url\":\"https:\/\/palabras-languageschool.com\/imprint-and-legal\/\",\"name\":\"Imprint and Legal - Palabras Language School\",\"isPartOf\":{\"@id\":\"https:\/\/palabras-languageschool.com\/#website\"},\"datePublished\":\"2024-03-03T18:20:36+00:00\",\"dateModified\":\"2024-05-01T12:39:30+00:00\",\"breadcrumb\":{\"@id\":\"https:\/\/palabras-languageschool.com\/imprint-and-legal\/#breadcrumb\"},\"inLanguage\":\"it-IT\",\"potentialAction\":[{\"@type\":\"ReadAction\",\"target\":[\"https:\/\/palabras-languageschool.com\/imprint-and-legal\/\"]}]},{\"@type\":\"BreadcrumbList\",\"@id\":\"https:\/\/palabras-languageschool.com\/imprint-and-legal\/#breadcrumb\",\"itemListElement\":[{\"@type\":\"ListItem\",\"position\":1,\"name\":\"Home\",\"item\":\"https:\/\/palabras-languageschool.com\/\"},{\"@type\":\"ListItem\",\"position\":2,\"name\":\"Imprint and Legal\"}]},{\"@type\":\"WebSite\",\"@id\":\"https:\/\/palabras-languageschool.com\/#website\",\"url\":\"https:\/\/palabras-languageschool.com\/\",\"name\":\"Palabras Language School\",\"description\":\"\",\"publisher\":{\"@id\":\"https:\/\/palabras-languageschool.com\/#organization\"},\"alternateName\":\"Learn Spanish in Las Palmas\",\"potentialAction\":[{\"@type\":\"SearchAction\",\"target\":{\"@type\":\"EntryPoint\",\"urlTemplate\":\"https:\/\/palabras-languageschool.com\/?s={search_term_string}\"},\"query-input\":\"required name=search_term_string\"}],\"inLanguage\":\"it-IT\"},{\"@type\":\"Organization\",\"@id\":\"https:\/\/palabras-languageschool.com\/#organization\",\"name\":\"Learn Spanish in Las Palmas de Gran Canaria\",\"alternateName\":\"Spanish School Gran Canaria\",\"url\":\"https:\/\/palabras-languageschool.com\/\",\"logo\":{\"@type\":\"ImageObject\",\"inLanguage\":\"it-IT\",\"@id\":\"https:\/\/palabras-languageschool.com\/#\/schema\/logo\/image\/\",\"url\":\"https:\/\/palabras-languageschool.com\/wp-content\/uploads\/2024\/05\/Untitled-design1.png\",\"contentUrl\":\"https:\/\/palabras-languageschool.com\/wp-content\/uploads\/2024\/05\/Untitled-design1.png\",\"width\":1200,\"height\":628,\"caption\":\"Learn Spanish in Las Palmas de Gran Canaria\"},\"image\":{\"@id\":\"https:\/\/palabras-languageschool.com\/#\/schema\/logo\/image\/\"},\"sameAs\":[\"https:\/\/www.facebook.com\/people\/Palabras-Languageschool\/\",\"https:\/\/www.instagram.com\/palabras.languageschool\/\"]}]}<\/script>\n<!-- \/ Yoast SEO plugin. -->","yoast_head_json":{"title":"Imprint and Legal - Palabras Language School","robots":{"index":"index","follow":"follow","max-snippet":"max-snippet:-1","max-image-preview":"max-image-preview:large","max-video-preview":"max-video-preview:-1"},"canonical":"https:\/\/palabras-languageschool.com\/it\/impronta-e-legale\/","og_locale":"it_IT","og_type":"article","og_title":"Imprint and Legal - Palabras Language School","og_description":"Definitions Palabras Language School shall be referred to as \u2018the school\u2019 from this point onwards. &#8216;The student&#8217; is the person in whose name the booking is made.\u00a0\u00a0\u00a0\u00a0\u00a0\u00a0\u00a0\u00a0 This Agreement\u00a0\u00a0\u00a0\u00a0 This agreement is legally binding once the school has received full or partial payment for a course and\/or accommodation from a student. The laws of Spain...","og_url":"https:\/\/palabras-languageschool.com\/it\/impronta-e-legale\/","og_site_name":"Palabras Language School","article_publisher":"https:\/\/www.facebook.com\/people\/Palabras-Languageschool\/","article_modified_time":"2024-05-01T12:39:30+00:00","twitter_card":"summary_large_image","twitter_misc":{"Tempo di lettura stimato":"9 minuti"},"schema":{"@context":"https:\/\/schema.org","@graph":[{"@type":"WebPage","@id":"https:\/\/palabras-languageschool.com\/imprint-and-legal\/","url":"https:\/\/palabras-languageschool.com\/imprint-and-legal\/","name":"Imprint and Legal - Palabras Language School","isPartOf":{"@id":"https:\/\/palabras-languageschool.com\/#website"},"datePublished":"2024-03-03T18:20:36+00:00","dateModified":"2024-05-01T12:39:30+00:00","breadcrumb":{"@id":"https:\/\/palabras-languageschool.com\/imprint-and-legal\/#breadcrumb"},"inLanguage":"it-IT","potentialAction":[{"@type":"ReadAction","target":["https:\/\/palabras-languageschool.com\/imprint-and-legal\/"]}]},{"@type":"BreadcrumbList","@id":"https:\/\/palabras-languageschool.com\/imprint-and-legal\/#breadcrumb","itemListElement":[{"@type":"ListItem","position":1,"name":"Home","item":"https:\/\/palabras-languageschool.com\/"},{"@type":"ListItem","position":2,"name":"Imprint and Legal"}]},{"@type":"WebSite","@id":"https:\/\/palabras-languageschool.com\/#website","url":"https:\/\/palabras-languageschool.com\/","name":"Palabras Language School","description":"","publisher":{"@id":"https:\/\/palabras-languageschool.com\/#organization"},"alternateName":"Learn Spanish in Las Palmas","potentialAction":[{"@type":"SearchAction","target":{"@type":"EntryPoint","urlTemplate":"https:\/\/palabras-languageschool.com\/?s={search_term_string}"},"query-input":"required name=search_term_string"}],"inLanguage":"it-IT"},{"@type":"Organization","@id":"https:\/\/palabras-languageschool.com\/#organization","name":"Learn Spanish in Las Palmas de Gran Canaria","alternateName":"Spanish School Gran Canaria","url":"https:\/\/palabras-languageschool.com\/","logo":{"@type":"ImageObject","inLanguage":"it-IT","@id":"https:\/\/palabras-languageschool.com\/#\/schema\/logo\/image\/","url":"https:\/\/palabras-languageschool.com\/wp-content\/uploads\/2024\/05\/Untitled-design1.png","contentUrl":"https:\/\/palabras-languageschool.com\/wp-content\/uploads\/2024\/05\/Untitled-design1.png","width":1200,"height":628,"caption":"Learn Spanish in Las Palmas de Gran Canaria"},"image":{"@id":"https:\/\/palabras-languageschool.com\/#\/schema\/logo\/image\/"},"sameAs":["https:\/\/www.facebook.com\/people\/Palabras-Languageschool\/","https:\/\/www.instagram.com\/palabras.languageschool\/"]}]}},"_links":{"self":[{"href":"https:\/\/palabras-languageschool.com\/it\/wp-json\/wp\/v2\/pages\/4025","targetHints":{"allow":["GET"]}}],"collection":[{"href":"https:\/\/palabras-languageschool.com\/it\/wp-json\/wp\/v2\/pages"}],"about":[{"href":"https:\/\/palabras-languageschool.com\/it\/wp-json\/wp\/v2\/types\/page"}],"author":[{"embeddable":true,"href":"https:\/\/palabras-languageschool.com\/it\/wp-json\/wp\/v2\/users\/1"}],"replies":[{"embeddable":true,"href":"https:\/\/palabras-languageschool.com\/it\/wp-json\/wp\/v2\/comments?post=4025"}],"version-history":[{"count":3,"href":"https:\/\/palabras-languageschool.com\/it\/wp-json\/wp\/v2\/pages\/4025\/revisions"}],"predecessor-version":[{"id":4065,"href":"https:\/\/palabras-languageschool.com\/it\/wp-json\/wp\/v2\/pages\/4025\/revisions\/4065"}],"wp:attachment":[{"href":"https:\/\/palabras-languageschool.com\/it\/wp-json\/wp\/v2\/media?parent=4025"}],"curies":[{"name":"wp","href":"https:\/\/api.w.org\/{rel}","templated":true}]}}